{"id":1242,"date":"2024-04-16T20:33:46","date_gmt":"2024-04-16T20:33:46","guid":{"rendered":"https:\/\/institutosanpedro.cl\/inicio\/?page_id=1242"},"modified":"2026-04-15T18:00:27","modified_gmt":"2026-04-15T18:00:27","slug":"asistentes-de-la-educacion","status":"publish","type":"page","link":"https:\/\/institutosanpedro.cl\/inicio\/asistentes-de-la-educacion\/","title":{"rendered":"Asistentes de la Educaci\u00f3n"},"content":{"rendered":"\t\t<div data-elementor-type=\"wp-page\" data-elementor-id=\"1242\" class=\"elementor elementor-1242\" data-elementor-post-type=\"page\">\n\t\t\t\t<div class=\"elementor-element elementor-element-2c88e22a e-con-full e-flex e-con e-parent\" data-id=\"2c88e22a\" data-element_type=\"container\" data-settings=\"{&quot;background_background&quot;:&quot;classic&quot;}\">\n\t\t\t\t<\/div>\n\t\t<div class=\"elementor-element elementor-element-3b23bac8 e-flex e-con-boxed e-con e-parent\" data-id=\"3b23bac8\" data-element_type=\"container\">\n\t\t\t\t\t<div class=\"e-con-inner\">\n\t\t\t\t<div class=\"elementor-element elementor-element-3b8b94a0 elementor-widget elementor-widget-spacer\" data-id=\"3b8b94a0\" data-element_type=\"widget\" data-widget_type=\"spacer.default\">\n\t\t\t\t<div class=\"elementor-widget-container\">\n\t\t\t\t\t\t\t<div class=\"elementor-spacer\">\n\t\t\t<div class=\"elementor-spacer-inner\"><\/div>\n\t\t<\/div>\n\t\t\t\t\t\t<\/div>\n\t\t\t\t<\/div>\n\t\t\t\t\t<\/div>\n\t\t\t\t<\/div>\n\t\t<div class=\"elementor-element elementor-element-3c98fe9b e-flex e-con-boxed e-con e-parent\" data-id=\"3c98fe9b\" data-element_type=\"container\">\n\t\t\t\t\t<div class=\"e-con-inner\">\n\t\t\t\t<div class=\"elementor-element elementor-element-2cf34cfd elementor-widget elementor-widget-text-editor\" data-id=\"2cf34cfd\" data-element_type=\"widget\" data-widget_type=\"text-editor.default\">\n\t\t\t\t<div class=\"elementor-widget-container\">\n\t\t\t\t\t\t\t\t\t<p>Los asistentes de la educaci\u00f3n del Instituto San Pedro, son funcionarios que cumplen un rol fundamental en el proceso de ense\u00f1anza aprendizaje de nuestros ni\u00f1as, ni\u00f1os y j\u00f3venes estudiantes, ya que ellos con su compromiso, calidez, preocupaci\u00f3n y gesti\u00f3n, colaboran en tener una vida escolar cercana y sana.<\/p><p>Los asistentes de la educaci\u00f3n se refiere al personal de establecimientos educacionales que realiza al menos una funci\u00f3n de car\u00e1cter profesional, paradocente (complementaria a la labor educativa, apoyando el proceso de ense\u00f1anza-aprendizaje o las gestiones administrativas), o de servicios auxiliares (labores de cuidado, protecci\u00f3n, mantenci\u00f3n y limpieza de los establecimientos.<\/p>\t\t\t\t\t\t\t\t<\/div>\n\t\t\t\t<\/div>\n\t\t\t\t\t<\/div>\n\t\t\t\t<\/div>\n\t\t<div class=\"elementor-element elementor-element-4cd3361c e-flex e-con-boxed e-con e-parent\" data-id=\"4cd3361c\" data-element_type=\"container\">\n\t\t\t\t\t<div class=\"e-con-inner\">\n\t\t<div class=\"elementor-element elementor-element-525184ff e-con-full e-flex e-con e-child\" data-id=\"525184ff\" data-element_type=\"container\">\n\t\t\t\t<div class=\"elementor-element elementor-element-1fddbdf5 elementor-widget elementor-widget-image\" data-id=\"1fddbdf5\" data-element_type=\"widget\" data-widget_type=\"image.default\">\n\t\t\t\t<div class=\"elementor-widget-container\">\n\t\t\t\t\t\t\t\t\t\t\t\t\t\t\t<img fetchpriority=\"high\" decoding=\"async\" width=\"960\" height=\"640\" src=\"https:\/\/institutosanpedro.cl\/inicio\/wp-content\/uploads\/2024\/04\/luz-vallejos-1024x683.jpg\" class=\"attachment-large size-large wp-image-1447\" alt=\"\" srcset=\"https:\/\/institutosanpedro.cl\/inicio\/wp-content\/uploads\/2024\/04\/luz-vallejos-1024x683.jpg 1024w, https:\/\/institutosanpedro.cl\/inicio\/wp-content\/uploads\/2024\/04\/luz-vallejos-300x200.jpg 300w, https:\/\/institutosanpedro.cl\/inicio\/wp-content\/uploads\/2024\/04\/luz-vallejos-768x512.jpg 768w, https:\/\/institutosanpedro.cl\/inicio\/wp-content\/uploads\/2024\/04\/luz-vallejos-1536x1024.jpg 1536w, https:\/\/institutosanpedro.cl\/inicio\/wp-content\/uploads\/2024\/04\/luz-vallejos-2048x1366.jpg 2048w\" sizes=\"(max-width: 960px) 100vw, 960px\" \/>\t\t\t\t\t\t\t\t\t\t\t\t\t\t\t<\/div>\n\t\t\t\t<\/div>\n\t\t\t\t<div class=\"elementor-element elementor-element-76ff8701 elementor-widget elementor-widget-heading\" data-id=\"76ff8701\" data-element_type=\"widget\" data-widget_type=\"heading.default\">\n\t\t\t\t<div class=\"elementor-widget-container\">\n\t\t\t\t\t<h2 class=\"elementor-heading-title elementor-size-default\">Asistente Sra. Luz Vallejos, Kinder A \u2013 Jornada Ma\u00f1ana<\/h2>\t\t\t\t<\/div>\n\t\t\t\t<\/div>\n\t\t\t\t<\/div>\n\t\t<div class=\"elementor-element elementor-element-ed9edd6 e-con-full e-flex e-con e-child\" data-id=\"ed9edd6\" data-element_type=\"container\">\n\t\t\t\t<div class=\"elementor-element elementor-element-91027b3 elementor-widget elementor-widget-image\" data-id=\"91027b3\" data-element_type=\"widget\" data-widget_type=\"image.default\">\n\t\t\t\t<div class=\"elementor-widget-container\">\n\t\t\t\t\t\t\t\t\t\t\t\t\t\t\t<img decoding=\"async\" width=\"960\" height=\"640\" src=\"https:\/\/institutosanpedro.cl\/inicio\/wp-content\/uploads\/2024\/04\/jovanni-1024x683.jpg\" class=\"attachment-large size-large wp-image-1453\" alt=\"\" srcset=\"https:\/\/institutosanpedro.cl\/inicio\/wp-content\/uploads\/2024\/04\/jovanni-1024x683.jpg 1024w, https:\/\/institutosanpedro.cl\/inicio\/wp-content\/uploads\/2024\/04\/jovanni-300x200.jpg 300w, https:\/\/institutosanpedro.cl\/inicio\/wp-content\/uploads\/2024\/04\/jovanni-768x512.jpg 768w, https:\/\/institutosanpedro.cl\/inicio\/wp-content\/uploads\/2024\/04\/jovanni-1536x1024.jpg 1536w, https:\/\/institutosanpedro.cl\/inicio\/wp-content\/uploads\/2024\/04\/jovanni-2048x1366.jpg 2048w\" sizes=\"(max-width: 960px) 100vw, 960px\" \/>\t\t\t\t\t\t\t\t\t\t\t\t\t\t\t<\/div>\n\t\t\t\t<\/div>\n\t\t\t\t<div class=\"elementor-element elementor-element-d39b672 elementor-widget elementor-widget-heading\" data-id=\"d39b672\" data-element_type=\"widget\" data-widget_type=\"heading.default\">\n\t\t\t\t<div class=\"elementor-widget-container\">\n\t\t\t\t\t<h2 class=\"elementor-heading-title elementor-size-default\">Sr. Jovanni Cheuque, Mantenci\u00f3n \u2013 Reparaciones Jornada Ma\u00f1ana y Tarde<\/h2>\t\t\t\t<\/div>\n\t\t\t\t<\/div>\n\t\t\t\t<\/div>\n\t\t<div class=\"elementor-element elementor-element-ae05651 e-con-full e-flex e-con e-child\" data-id=\"ae05651\" data-element_type=\"container\">\n\t\t\t\t<div class=\"elementor-element elementor-element-9c14896 elementor-widget elementor-widget-image\" data-id=\"9c14896\" data-element_type=\"widget\" data-widget_type=\"image.default\">\n\t\t\t\t<div class=\"elementor-widget-container\">\n\t\t\t\t\t\t\t\t\t\t\t\t\t\t\t<img decoding=\"async\" width=\"960\" height=\"640\" src=\"https:\/\/institutosanpedro.cl\/inicio\/wp-content\/uploads\/2024\/04\/Juan-Rozas-1024x683.jpg\" class=\"attachment-large size-large wp-image-1450\" alt=\"\" srcset=\"https:\/\/institutosanpedro.cl\/inicio\/wp-content\/uploads\/2024\/04\/Juan-Rozas-1024x683.jpg 1024w, https:\/\/institutosanpedro.cl\/inicio\/wp-content\/uploads\/2024\/04\/Juan-Rozas-300x200.jpg 300w, https:\/\/institutosanpedro.cl\/inicio\/wp-content\/uploads\/2024\/04\/Juan-Rozas-768x512.jpg 768w, https:\/\/institutosanpedro.cl\/inicio\/wp-content\/uploads\/2024\/04\/Juan-Rozas-1536x1024.jpg 1536w, https:\/\/institutosanpedro.cl\/inicio\/wp-content\/uploads\/2024\/04\/Juan-Rozas-2048x1366.jpg 2048w\" sizes=\"(max-width: 960px) 100vw, 960px\" \/>\t\t\t\t\t\t\t\t\t\t\t\t\t\t\t<\/div>\n\t\t\t\t<\/div>\n\t\t\t\t<div class=\"elementor-element elementor-element-eea015e elementor-widget elementor-widget-heading\" data-id=\"eea015e\" data-element_type=\"widget\" data-widget_type=\"heading.default\">\n\t\t\t\t<div class=\"elementor-widget-container\">\n\t\t\t\t\t<h2 class=\"elementor-heading-title elementor-size-default\">Sr. Juan Rozas\nRecepcionista<\/h2>\t\t\t\t<\/div>\n\t\t\t\t<\/div>\n\t\t\t\t<\/div>\n\t\t\t\t\t<\/div>\n\t\t\t\t<\/div>\n\t\t<div class=\"elementor-element elementor-element-fb0ea30 e-flex e-con-boxed e-con e-parent\" data-id=\"fb0ea30\" data-element_type=\"container\">\n\t\t\t\t\t<div class=\"e-con-inner\">\n\t\t<div class=\"elementor-element elementor-element-4b3861e e-con-full e-flex e-con e-child\" data-id=\"4b3861e\" data-element_type=\"container\">\n\t\t\t\t<div class=\"elementor-element elementor-element-2acd6f3 elementor-widget elementor-widget-image\" data-id=\"2acd6f3\" data-element_type=\"widget\" data-widget_type=\"image.default\">\n\t\t\t\t<div class=\"elementor-widget-container\">\n\t\t\t\t\t\t\t\t\t\t\t\t\t\t\t<img decoding=\"async\" src=\"https:\/\/institutosanpedro.cl\/inicio\/wp-content\/uploads\/2024\/04\/cristian-sandoval.jpg\" title=\"\" alt=\"\" loading=\"lazy\" \/>\t\t\t\t\t\t\t\t\t\t\t\t\t\t\t<\/div>\n\t\t\t\t<\/div>\n\t\t\t\t<div class=\"elementor-element elementor-element-40775c4 elementor-widget elementor-widget-heading\" data-id=\"40775c4\" data-element_type=\"widget\" data-widget_type=\"heading.default\">\n\t\t\t\t<div class=\"elementor-widget-container\">\n\t\t\t\t\t<h2 class=\"elementor-heading-title elementor-size-default\">Sr. Cristian Sandoval \u2013 Encargado de CRA \u2013 Jornada Ma\u00f1ana y Tarde<\/h2>\t\t\t\t<\/div>\n\t\t\t\t<\/div>\n\t\t\t\t<\/div>\n\t\t<div class=\"elementor-element elementor-element-173f34f e-con-full e-flex e-con e-child\" data-id=\"173f34f\" data-element_type=\"container\">\n\t\t\t\t<div class=\"elementor-element elementor-element-faa9b35 elementor-widget elementor-widget-image\" data-id=\"faa9b35\" data-element_type=\"widget\" data-widget_type=\"image.default\">\n\t\t\t\t<div class=\"elementor-widget-container\">\n\t\t\t\t\t\t\t\t\t\t\t\t\t\t\t<img decoding=\"async\" src=\"https:\/\/institutosanpedro.cl\/inicio\/wp-content\/uploads\/2024\/04\/paola-mora.jpg\" title=\"\" alt=\"\" loading=\"lazy\" \/>\t\t\t\t\t\t\t\t\t\t\t\t\t\t\t<\/div>\n\t\t\t\t<\/div>\n\t\t\t\t<div class=\"elementor-element elementor-element-90ad50f elementor-widget elementor-widget-heading\" data-id=\"90ad50f\" data-element_type=\"widget\" data-widget_type=\"heading.default\">\n\t\t\t\t<div class=\"elementor-widget-container\">\n\t\t\t\t\t<h2 class=\"elementor-heading-title elementor-size-default\">Asistente de Aula Sra. Paola Mora, Primer Nivel Jornada Tarde<\/h2>\t\t\t\t<\/div>\n\t\t\t\t<\/div>\n\t\t\t\t<\/div>\n\t\t<div class=\"elementor-element elementor-element-2e68cc8 e-con-full e-flex e-con e-child\" data-id=\"2e68cc8\" data-element_type=\"container\">\n\t\t\t\t<\/div>\n\t\t\t\t\t<\/div>\n\t\t\t\t<\/div>\n\t\t\t\t<section class=\"elementor-section elementor-top-section elementor-element elementor-element-7ae9ca7b elementor-section-boxed elementor-section-height-default elementor-section-height-default\" data-id=\"7ae9ca7b\" data-element_type=\"section\">\n\t\t\t\t\t\t<div class=\"elementor-container elementor-column-gap-default\">\n\t\t\t\t\t<div class=\"elementor-column elementor-col-100 elementor-top-column elementor-element elementor-element-bda808b\" data-id=\"bda808b\" data-element_type=\"column\">\n\t\t\t<div class=\"elementor-widget-wrap elementor-element-populated\">\n\t\t\t\t\t\t<div class=\"elementor-element elementor-element-5bcf48c9 elementor-widget elementor-widget-spacer\" data-id=\"5bcf48c9\" data-element_type=\"widget\" data-widget_type=\"spacer.default\">\n\t\t\t\t<div class=\"elementor-widget-container\">\n\t\t\t\t\t\t\t<div class=\"elementor-spacer\">\n\t\t\t<div class=\"elementor-spacer-inner\"><\/div>\n\t\t<\/div>\n\t\t\t\t\t\t<\/div>\n\t\t\t\t<\/div>\n\t\t\t\t\t<\/div>\n\t\t<\/div>\n\t\t\t\t\t<\/div>\n\t\t<\/section>\n\t\t\t\t<section class=\"elementor-section elementor-top-section elementor-element elementor-element-34cf49d6 elementor-section-full_width elementor-section-height-min-height elementor-section-content-space-evenly elementor-section-stretched elementor-section-height-default elementor-section-items-middle\" data-id=\"34cf49d6\" data-element_type=\"section\" data-settings=\"{&quot;stretch_section&quot;:&quot;section-stretched&quot;,&quot;background_background&quot;:&quot;classic&quot;}\">\n\t\t\t\t\t\t<div class=\"elementor-container elementor-column-gap-no\">\n\t\t\t\t\t<div class=\"elementor-column elementor-col-100 elementor-top-column elementor-element elementor-element-24a737cd\" data-id=\"24a737cd\" data-element_type=\"column\">\n\t\t\t<div class=\"elementor-widget-wrap elementor-element-populated\">\n\t\t\t\t\t\t<div class=\"elementor-element elementor-element-614d7812 elementor-widget elementor-widget-widgetkit-for-elementor-animation-text\" data-id=\"614d7812\" data-element_type=\"widget\" data-widget_type=\"widgetkit-for-elementor-animation-text.default\">\n\t\t\t\t<div class=\"elementor-widget-container\">\n\t\t\t\t\t    <div class=\"animation-text\">\n        <div class=\"text-slide\">\n            <h2 class=\"cd-headline rotate-1\">\n                  \n                    <span>Colegio Instituto San Pedro<\/span>\n                                <span class=\"cd-words-wrapper\">\n                                                                <b class=\"is-visible\">64 a\u00f1os de Historia<\/b>\n                                            <b class=\"\">Educando<\/b>\n                                            <b class=\"\">Creando Lideres<\/b>\n                                    <\/span>\n                             <\/h2> <!-- cd-headline -->\n        <\/div> <!-- text-slide -->\n    <\/div><!-- animation-text -->\n\n        <script type=\"text\/javascript\">\n            jQuery(function($){\n                if(!$('body').hasClass('wk-animation-headline')){\n                    $('body').addClass('wk-animation-headline');\n                }\n            });\n\n        <\/script>\t\t\t\t<\/div>\n\t\t\t\t<\/div>\n\t\t\t\t\t<\/div>\n\t\t<\/div>\n\t\t\t\t\t<\/div>\n\t\t<\/section>\n\t\t\t\t<section class=\"elementor-section elementor-top-section elementor-element elementor-element-1c2c2052 elementor-section-boxed elementor-section-height-default elementor-section-height-default\" data-id=\"1c2c2052\" data-element_type=\"section\" data-settings=\"{&quot;background_background&quot;:&quot;classic&quot;}\">\n\t\t\t\t\t\t<div class=\"elementor-container elementor-column-gap-default\">\n\t\t\t\t\t<div class=\"elementor-column elementor-col-33 elementor-top-column elementor-element elementor-element-51bf89ab\" data-id=\"51bf89ab\" data-element_type=\"column\">\n\t\t\t<div class=\"elementor-widget-wrap elementor-element-populated\">\n\t\t\t\t\t\t<div class=\"elementor-element elementor-element-6bc6bccf elementor-position-top elementor-widget elementor-widget-image-box\" data-id=\"6bc6bccf\" data-element_type=\"widget\" data-widget_type=\"image-box.default\">\n\t\t\t\t<div class=\"elementor-widget-container\">\n\t\t\t\t\t<div class=\"elementor-image-box-wrapper\"><figure class=\"elementor-image-box-img\"><a href=\"tel:412282998\" tabindex=\"-1\"><img decoding=\"async\" src=\"https:\/\/institutosanpedro.cl\/inicio\/wp-content\/uploads\/elementor\/thumbs\/call-blanco-rfpuiu080o4pjvxskhn3yhkesf53hng7woi5hf475o.png\" title=\"call-blanco\" alt=\"call-blanco\" loading=\"lazy\" \/><\/a><\/figure><div class=\"elementor-image-box-content\"><h3 class=\"elementor-image-box-title\"><a href=\"tel:412282998\">41-228 29 98<\/a><\/h3><\/div><\/div>\t\t\t\t<\/div>\n\t\t\t\t<\/div>\n\t\t\t\t\t<\/div>\n\t\t<\/div>\n\t\t\t\t<div class=\"elementor-column elementor-col-33 elementor-top-column elementor-element elementor-element-10de04ce\" data-id=\"10de04ce\" data-element_type=\"column\">\n\t\t\t<div class=\"elementor-widget-wrap elementor-element-populated\">\n\t\t\t\t\t\t<div class=\"elementor-element elementor-element-55f1fd2c elementor-position-top elementor-widget elementor-widget-image-box\" data-id=\"55f1fd2c\" data-element_type=\"widget\" data-widget_type=\"image-box.default\">\n\t\t\t\t<div class=\"elementor-widget-container\">\n\t\t\t\t\t<div class=\"elementor-image-box-wrapper\"><figure class=\"elementor-image-box-img\"><img decoding=\"async\" src=\"https:\/\/institutosanpedro.cl\/inicio\/wp-content\/uploads\/elementor\/thumbs\/Logo-Blanco-rfpuiu080o4pjvxskhn3yhkesf53hng7woi5hf475o.png\" title=\"Logo-Blanco\" alt=\"Logo-Blanco\" loading=\"lazy\" \/><\/figure><div class=\"elementor-image-box-content\"><h3 class=\"elementor-image-box-title\">Colegio Instituto San Pedro<\/h3><\/div><\/div>\t\t\t\t<\/div>\n\t\t\t\t<\/div>\n\t\t\t\t\t<\/div>\n\t\t<\/div>\n\t\t\t\t<div class=\"elementor-column elementor-col-33 elementor-top-column elementor-element elementor-element-75d2f9a8\" data-id=\"75d2f9a8\" data-element_type=\"column\">\n\t\t\t<div class=\"elementor-widget-wrap elementor-element-populated\">\n\t\t\t\t\t\t<div class=\"elementor-element elementor-element-324b0f94 elementor-position-top elementor-widget elementor-widget-image-box\" data-id=\"324b0f94\" data-element_type=\"widget\" data-widget_type=\"image-box.default\">\n\t\t\t\t<div class=\"elementor-widget-container\">\n\t\t\t\t\t<div class=\"elementor-image-box-wrapper\"><figure class=\"elementor-image-box-img\"><a href=\"https:\/\/maps.app.goo.gl\/FeJFdP3QqZ7KRLgy7\" tabindex=\"-1\"><img decoding=\"async\" src=\"https:\/\/institutosanpedro.cl\/inicio\/wp-content\/uploads\/elementor\/thumbs\/here-blanco-rfpuiu080o4pjvxskhn3yhkesf53hng7woi5hf475o.png\" title=\"here-blanco\" alt=\"here-blanco\" loading=\"lazy\" \/><\/a><\/figure><div class=\"elementor-image-box-content\"><h3 class=\"elementor-image-box-title\"><a href=\"https:\/\/maps.app.goo.gl\/FeJFdP3QqZ7KRLgy7\">Las Violetas 1975, San Pedro de la Paz<\/a><\/h3><\/div><\/div>\t\t\t\t<\/div>\n\t\t\t\t<\/div>\n\t\t\t\t\t<\/div>\n\t\t<\/div>\n\t\t\t\t\t<\/div>\n\t\t<\/section>\n\t\t\t\t<\/div>\n\t\t","protected":false},"excerpt":{"rendered":"<p>Los asistentes de la educaci\u00f3n del Instituto San Pedro, son funcionarios que cumplen un rol fundamental en el proceso de ense\u00f1anza aprendizaje de nuestros ni\u00f1as, ni\u00f1os y j\u00f3venes estudiantes, ya [&hellip;]<\/p>\n","protected":false},"author":2,"featured_media":0,"parent":0,"menu_order":0,"comment_status":"closed","ping_status":"closed","template":"elementor_header_footer","meta":{"footnotes":""},"class_list":["post-1242","page","type-page","status-publish","hentry"],"_links":{"self":[{"href":"https:\/\/institutosanpedro.cl\/inicio\/wp-json\/wp\/v2\/pages\/1242","targetHints":{"allow":["GET"]}}],"collection":[{"href":"https:\/\/institutosanpedro.cl\/inicio\/wp-json\/wp\/v2\/pages"}],"about":[{"href":"https:\/\/institutosanpedro.cl\/inicio\/wp-json\/wp\/v2\/types\/page"}],"author":[{"embeddable":true,"href":"https:\/\/institutosanpedro.cl\/inicio\/wp-json\/wp\/v2\/users\/2"}],"replies":[{"embeddable":true,"href":"https:\/\/institutosanpedro.cl\/inicio\/wp-json\/wp\/v2\/comments?post=1242"}],"version-history":[{"count":22,"href":"https:\/\/institutosanpedro.cl\/inicio\/wp-json\/wp\/v2\/pages\/1242\/revisions"}],"predecessor-version":[{"id":5065,"href":"https:\/\/institutosanpedro.cl\/inicio\/wp-json\/wp\/v2\/pages\/1242\/revisions\/5065"}],"wp:attachment":[{"href":"https:\/\/institutosanpedro.cl\/inicio\/wp-json\/wp\/v2\/media?parent=1242"}],"curies":[{"name":"wp","href":"https:\/\/api.w.org\/{rel}","templated":true}]}}