{"id":1354,"date":"2024-04-17T14:04:30","date_gmt":"2024-04-17T14:04:30","guid":{"rendered":"https:\/\/institutosanpedro.cl\/inicio\/?page_id=1354"},"modified":"2026-01-06T13:06:06","modified_gmt":"2026-01-06T13:06:06","slug":"centro-de-padres","status":"publish","type":"page","link":"https:\/\/institutosanpedro.cl\/inicio\/centro-de-padres\/","title":{"rendered":"Centro de Padres"},"content":{"rendered":"\t\t<div data-elementor-type=\"wp-page\" data-elementor-id=\"1354\" class=\"elementor elementor-1354\" data-elementor-post-type=\"page\">\n\t\t\t\t<div class=\"elementor-element elementor-element-734f87b3 e-con-full e-flex e-con e-parent\" data-id=\"734f87b3\" data-element_type=\"container\" data-settings=\"{&quot;background_background&quot;:&quot;classic&quot;}\">\n\t\t\t\t<\/div>\n\t\t<div class=\"elementor-element elementor-element-21840c18 e-flex e-con-boxed e-con e-parent\" data-id=\"21840c18\" data-element_type=\"container\">\n\t\t\t\t\t<div class=\"e-con-inner\">\n\t\t\t\t<div class=\"elementor-element elementor-element-162bceb6 elementor-widget elementor-widget-spacer\" data-id=\"162bceb6\" data-element_type=\"widget\" data-widget_type=\"spacer.default\">\n\t\t\t\t<div class=\"elementor-widget-container\">\n\t\t\t\t\t\t\t<div class=\"elementor-spacer\">\n\t\t\t<div class=\"elementor-spacer-inner\"><\/div>\n\t\t<\/div>\n\t\t\t\t\t\t<\/div>\n\t\t\t\t<\/div>\n\t\t\t\t\t<\/div>\n\t\t\t\t<\/div>\n\t\t<div class=\"elementor-element elementor-element-f125a05 e-flex e-con-boxed e-con e-parent\" data-id=\"f125a05\" data-element_type=\"container\">\n\t\t\t\t\t<div class=\"e-con-inner\">\n\t\t\t\t<div class=\"elementor-element elementor-element-04a63e5 elementor-widget elementor-widget-widgetkit-for-elementor-animation-text\" data-id=\"04a63e5\" data-element_type=\"widget\" data-widget_type=\"widgetkit-for-elementor-animation-text.default\">\n\t\t\t\t<div class=\"elementor-widget-container\">\n\t\t\t\t\t    <div class=\"animation-text\">\n        <div class=\"text-slide\">\n            <h2 class=\"cd-headline loading-bar\">\n                  \n                    <span>Centro de Padres<\/span>\n                                <span class=\"cd-words-wrapper\">\n                                                                <b class=\"is-visible\">CISP<\/b>\n                                    <\/span>\n                             <\/h2> <!-- cd-headline -->\n        <\/div> <!-- text-slide -->\n    <\/div><!-- animation-text -->\n\n        <script type=\"text\/javascript\">\n            jQuery(function($){\n                if(!$('body').hasClass('wk-animation-headline')){\n                    $('body').addClass('wk-animation-headline');\n                }\n            });\n\n        <\/script>\t\t\t\t<\/div>\n\t\t\t\t<\/div>\n\t\t\t\t\t<\/div>\n\t\t\t\t<\/div>\n\t\t<div class=\"elementor-element elementor-element-e017b20 e-flex e-con-boxed e-con e-parent\" data-id=\"e017b20\" data-element_type=\"container\">\n\t\t\t\t\t<div class=\"e-con-inner\">\n\t\t\t\t<div class=\"elementor-element elementor-element-312843b7 elementor-widget elementor-widget-text-editor\" data-id=\"312843b7\" data-element_type=\"widget\" data-widget_type=\"text-editor.default\">\n\t\t\t\t<div class=\"elementor-widget-container\">\n\t\t\t\t\t\t\t\t\t<p>Padres y Apoderados son parte importante de la Comunidad Educativa:<\/p><p>\u201cPorque desean participar activa y protag\u00f3nicamente en la formaci\u00f3n de sus hijos, se organizan para profundizar, fortalecerse y crecer en su tarea de padres, primeros educadores de sus hijos. Promueven as\u00ed una educaci\u00f3n entre adultos, basada en el encuentro fraterno, en el compartir experiencias, en el buscar juntos nuevos caminos. Al hacerlo, est\u00e1n viviendo y generando comunidad, enriqueci\u00e9ndose a s\u00ed mismos y a la organizaci\u00f3n entera. Una dimensi\u00f3n importante de esta tarea, es la de lograr un adecuado conocimiento y un entusiasmo activo de los Padres en relaci\u00f3n a este Proyecto Educativo\u201d.<\/p><p>Perfil del Apoderado:<\/p><ul><li>Est\u00e1 satisfecho de tener a su pupilo en el CISP, manteniendo con \u00e9ste relaciones estrechas y cordiales.<\/li><li>Acepta y respalda las disposiciones del Proyecto Educativo Institucional.<\/li><li>Conf\u00eda en la formaci\u00f3n personal y profesional que imparte el Establecimiento.<\/li><li>Se informa oportunamente de los avances y\/o dificultades de su pupilo (a).<\/li><li>Respalda y participa en todas las iniciativas del Centro General de Padres y Apoderados con entusiasmo y compromiso, aportando ideas, tiempo y contribuci\u00f3n econ\u00f3mica, seg\u00fan sus posibilidades.<\/li><li>Acepta su rol de educador natural de su pupilo (a) y por lo mismo coayuda en todas las instancias formadoras del Establecimiento.<\/li><\/ul><p>Integrantes del Centro General de Padres<\/p><ul><li>Presidente: Nubia Ferrada Mu\u00f1oz<\/li><li>Secretaria: Indira Olivares<\/li><li>Tesorera: Carolina Aceit\u00f3n<\/li><li>Delegados: Aaron Catal\u00e1n y Eliana Zapata<\/li><li><span style=\"color: var( --e-global-color-text ); font-family: var( --e-global-typography-text-font-family ), Sans-serif; font-weight: var( --e-global-typography-text-font-weight ); font-size: 1rem;\">Profesora Asesora:<em><strong>\u00a0<\/strong><\/em><\/span><\/li><\/ul><div><b><i>\u00a0<\/i><\/b><\/div><p>Horario de Atenci\u00f3n: Jueves de 17:00 a 18:30 horas. (agendar visita)<\/p><p>email: cgp@cisp.cl\u00a0 \u00a0\u00f3\u00a0 secretaria.cgp@cisp.cl<\/p>\t\t\t\t\t\t\t\t<\/div>\n\t\t\t\t<\/div>\n\t\t\t\t\t<\/div>\n\t\t\t\t<\/div>\n\t\t<div class=\"elementor-element elementor-element-b493272 e-flex e-con-boxed e-con e-parent\" data-id=\"b493272\" data-element_type=\"container\">\n\t\t\t\t\t<div class=\"e-con-inner\">\n\t\t<div class=\"elementor-element elementor-element-34317ed e-con-full e-flex e-con e-child\" data-id=\"34317ed\" data-element_type=\"container\">\n\t\t\t\t<\/div>\n\t\t<div class=\"elementor-element elementor-element-82313e0 e-con-full e-flex e-con e-child\" data-id=\"82313e0\" data-element_type=\"container\">\n\t\t\t\t<div class=\"elementor-element elementor-element-b2163cf elementor-arrows-position-inside elementor-pagination-position-outside elementor-widget elementor-widget-image-carousel\" data-id=\"b2163cf\" data-element_type=\"widget\" data-settings=\"{&quot;slides_to_show&quot;:&quot;1&quot;,&quot;navigation&quot;:&quot;both&quot;,&quot;autoplay&quot;:&quot;yes&quot;,&quot;pause_on_hover&quot;:&quot;yes&quot;,&quot;pause_on_interaction&quot;:&quot;yes&quot;,&quot;autoplay_speed&quot;:5000,&quot;infinite&quot;:&quot;yes&quot;,&quot;effect&quot;:&quot;slide&quot;,&quot;speed&quot;:500}\" data-widget_type=\"image-carousel.default\">\n\t\t\t\t<div class=\"elementor-widget-container\">\n\t\t\t\t\t\t\t<div class=\"elementor-image-carousel-wrapper swiper\" role=\"region\" aria-roledescription=\"carousel\" aria-label=\"Carrusel de im\u00e1genes\" dir=\"ltr\">\n\t\t\t<div class=\"elementor-image-carousel swiper-wrapper\" aria-live=\"off\">\n\t\t\t\t\t\t\t\t<div class=\"swiper-slide\" role=\"group\" aria-roledescription=\"slide\" aria-label=\"1 de 4\"><figure class=\"swiper-slide-inner\"><img decoding=\"async\" class=\"swiper-slide-image\" src=\"https:\/\/institutosanpedro.cl\/inicio\/wp-content\/uploads\/2024\/04\/01.jpg\" alt=\"01\" \/><\/figure><\/div><div class=\"swiper-slide\" role=\"group\" aria-roledescription=\"slide\" aria-label=\"2 de 4\"><figure class=\"swiper-slide-inner\"><img decoding=\"async\" class=\"swiper-slide-image\" src=\"https:\/\/institutosanpedro.cl\/inicio\/wp-content\/uploads\/2024\/04\/02.jpg\" alt=\"02\" \/><\/figure><\/div><div class=\"swiper-slide\" role=\"group\" aria-roledescription=\"slide\" aria-label=\"3 de 4\"><figure class=\"swiper-slide-inner\"><img decoding=\"async\" class=\"swiper-slide-image\" src=\"https:\/\/institutosanpedro.cl\/inicio\/wp-content\/uploads\/2024\/04\/03.jpg\" alt=\"03\" \/><\/figure><\/div><div class=\"swiper-slide\" role=\"group\" aria-roledescription=\"slide\" aria-label=\"4 de 4\"><figure class=\"swiper-slide-inner\"><img decoding=\"async\" class=\"swiper-slide-image\" src=\"https:\/\/institutosanpedro.cl\/inicio\/wp-content\/uploads\/2024\/04\/04.jpg\" alt=\"04\" \/><\/figure><\/div>\t\t\t<\/div>\n\t\t\t\t\t\t\t\t\t\t\t\t<div class=\"elementor-swiper-button elementor-swiper-button-prev\" role=\"button\" tabindex=\"0\">\n\t\t\t\t\t\t<svg aria-hidden=\"true\" class=\"e-font-icon-svg e-eicon-chevron-left\" viewBox=\"0 0 1000 1000\" xmlns=\"http:\/\/www.w3.org\/2000\/svg\"><path d=\"M646 125C629 125 613 133 604 142L308 442C296 454 292 471 292 487 292 504 296 521 308 533L604 854C617 867 629 875 646 875 663 875 679 871 692 858 704 846 713 829 713 812 713 796 708 779 692 767L438 487 692 225C700 217 708 204 708 187 708 171 704 154 692 142 675 129 663 125 646 125Z\"><\/path><\/svg>\t\t\t\t\t<\/div>\n\t\t\t\t\t<div class=\"elementor-swiper-button elementor-swiper-button-next\" role=\"button\" tabindex=\"0\">\n\t\t\t\t\t\t<svg aria-hidden=\"true\" class=\"e-font-icon-svg e-eicon-chevron-right\" viewBox=\"0 0 1000 1000\" xmlns=\"http:\/\/www.w3.org\/2000\/svg\"><path d=\"M696 533C708 521 713 504 713 487 713 471 708 454 696 446L400 146C388 133 375 125 354 125 338 125 325 129 313 142 300 154 292 171 292 187 292 204 296 221 308 233L563 492 304 771C292 783 288 800 288 817 288 833 296 850 308 863 321 871 338 875 354 875 371 875 388 867 400 854L696 533Z\"><\/path><\/svg>\t\t\t\t\t<\/div>\n\t\t\t\t\n\t\t\t\t\t\t\t\t\t<div class=\"swiper-pagination\"><\/div>\n\t\t\t\t\t\t\t\t\t<\/div>\n\t\t\t\t\t\t<\/div>\n\t\t\t\t<\/div>\n\t\t\t\t<\/div>\n\t\t<div class=\"elementor-element elementor-element-b6d3560 e-con-full e-flex e-con e-child\" data-id=\"b6d3560\" data-element_type=\"container\">\n\t\t\t\t<\/div>\n\t\t\t\t\t<\/div>\n\t\t\t\t<\/div>\n\t\t\t\t<section class=\"elementor-section elementor-top-section elementor-element elementor-element-6eb73ffd elementor-section-boxed elementor-section-height-default elementor-section-height-default\" data-id=\"6eb73ffd\" data-element_type=\"section\">\n\t\t\t\t\t\t<div class=\"elementor-container elementor-column-gap-default\">\n\t\t\t\t\t<div class=\"elementor-column elementor-col-100 elementor-top-column elementor-element elementor-element-2e60a2f9\" data-id=\"2e60a2f9\" data-element_type=\"column\">\n\t\t\t<div class=\"elementor-widget-wrap elementor-element-populated\">\n\t\t\t\t\t\t<div class=\"elementor-element elementor-element-7b56ad99 elementor-widget elementor-widget-spacer\" data-id=\"7b56ad99\" data-element_type=\"widget\" data-widget_type=\"spacer.default\">\n\t\t\t\t<div class=\"elementor-widget-container\">\n\t\t\t\t\t\t\t<div class=\"elementor-spacer\">\n\t\t\t<div class=\"elementor-spacer-inner\"><\/div>\n\t\t<\/div>\n\t\t\t\t\t\t<\/div>\n\t\t\t\t<\/div>\n\t\t\t\t\t<\/div>\n\t\t<\/div>\n\t\t\t\t\t<\/div>\n\t\t<\/section>\n\t\t\t\t<section class=\"elementor-section elementor-top-section elementor-element elementor-element-3c9fe63a elementor-section-full_width elementor-section-height-min-height elementor-section-content-space-evenly elementor-section-stretched elementor-section-height-default elementor-section-items-middle\" data-id=\"3c9fe63a\" data-element_type=\"section\" data-settings=\"{&quot;stretch_section&quot;:&quot;section-stretched&quot;,&quot;background_background&quot;:&quot;classic&quot;}\">\n\t\t\t\t\t\t<div class=\"elementor-container elementor-column-gap-no\">\n\t\t\t\t\t<div class=\"elementor-column elementor-col-100 elementor-top-column elementor-element elementor-element-361a259\" data-id=\"361a259\" data-element_type=\"column\">\n\t\t\t<div class=\"elementor-widget-wrap elementor-element-populated\">\n\t\t\t\t\t\t<div class=\"elementor-element elementor-element-4c8c8655 elementor-widget elementor-widget-widgetkit-for-elementor-animation-text\" data-id=\"4c8c8655\" data-element_type=\"widget\" data-widget_type=\"widgetkit-for-elementor-animation-text.default\">\n\t\t\t\t<div class=\"elementor-widget-container\">\n\t\t\t\t\t    <div class=\"animation-text\">\n        <div class=\"text-slide\">\n            <h2 class=\"cd-headline rotate-1\">\n                  \n                    <span>Colegio Instituto San Pedro<\/span>\n                                <span class=\"cd-words-wrapper\">\n                                                                <b class=\"is-visible\">62 a\u00f1os de Historia<\/b>\n                                            <b class=\"\">Educando<\/b>\n                                            <b class=\"\">Creando Lideres<\/b>\n                                    <\/span>\n                             <\/h2> <!-- cd-headline -->\n        <\/div> <!-- text-slide -->\n    <\/div><!-- animation-text -->\n\n        <script type=\"text\/javascript\">\n            jQuery(function($){\n                if(!$('body').hasClass('wk-animation-headline')){\n                    $('body').addClass('wk-animation-headline');\n                }\n            });\n\n        <\/script>\t\t\t\t<\/div>\n\t\t\t\t<\/div>\n\t\t\t\t\t<\/div>\n\t\t<\/div>\n\t\t\t\t\t<\/div>\n\t\t<\/section>\n\t\t\t\t<section class=\"elementor-section elementor-top-section elementor-element elementor-element-34d6cac3 elementor-section-boxed elementor-section-height-default elementor-section-height-default\" data-id=\"34d6cac3\" data-element_type=\"section\" data-settings=\"{&quot;background_background&quot;:&quot;classic&quot;}\">\n\t\t\t\t\t\t<div class=\"elementor-container elementor-column-gap-default\">\n\t\t\t\t\t<div class=\"elementor-column elementor-col-33 elementor-top-column elementor-element elementor-element-4ea8f844\" data-id=\"4ea8f844\" data-element_type=\"column\">\n\t\t\t<div class=\"elementor-widget-wrap elementor-element-populated\">\n\t\t\t\t\t\t<div class=\"elementor-element elementor-element-7cd3acc7 elementor-position-top elementor-widget elementor-widget-image-box\" data-id=\"7cd3acc7\" data-element_type=\"widget\" data-widget_type=\"image-box.default\">\n\t\t\t\t<div class=\"elementor-widget-container\">\n\t\t\t\t\t<div class=\"elementor-image-box-wrapper\"><figure class=\"elementor-image-box-img\"><a href=\"tel:412282998\" tabindex=\"-1\"><img decoding=\"async\" src=\"https:\/\/institutosanpedro.cl\/inicio\/wp-content\/uploads\/elementor\/thumbs\/call-blanco-rfpuiu080o4pjvxskhn3yhkesf53hng7woi5hf475o.png\" title=\"call-blanco\" alt=\"call-blanco\" loading=\"lazy\" \/><\/a><\/figure><div class=\"elementor-image-box-content\"><h3 class=\"elementor-image-box-title\"><a href=\"tel:412282998\">41-228 29 98<\/a><\/h3><\/div><\/div>\t\t\t\t<\/div>\n\t\t\t\t<\/div>\n\t\t\t\t\t<\/div>\n\t\t<\/div>\n\t\t\t\t<div class=\"elementor-column elementor-col-33 elementor-top-column elementor-element elementor-element-43eadd73\" data-id=\"43eadd73\" data-element_type=\"column\">\n\t\t\t<div class=\"elementor-widget-wrap elementor-element-populated\">\n\t\t\t\t\t\t<div class=\"elementor-element elementor-element-24bd7079 elementor-position-top elementor-widget elementor-widget-image-box\" data-id=\"24bd7079\" data-element_type=\"widget\" data-widget_type=\"image-box.default\">\n\t\t\t\t<div class=\"elementor-widget-container\">\n\t\t\t\t\t<div class=\"elementor-image-box-wrapper\"><figure class=\"elementor-image-box-img\"><img decoding=\"async\" src=\"https:\/\/institutosanpedro.cl\/inicio\/wp-content\/uploads\/elementor\/thumbs\/Logo-Blanco-rfpuiu080o4pjvxskhn3yhkesf53hng7woi5hf475o.png\" title=\"Logo-Blanco\" alt=\"Logo-Blanco\" loading=\"lazy\" \/><\/figure><div class=\"elementor-image-box-content\"><h3 class=\"elementor-image-box-title\">Colegio Instituto San Pedro<\/h3><\/div><\/div>\t\t\t\t<\/div>\n\t\t\t\t<\/div>\n\t\t\t\t\t<\/div>\n\t\t<\/div>\n\t\t\t\t<div class=\"elementor-column elementor-col-33 elementor-top-column elementor-element elementor-element-f4f6bfe\" data-id=\"f4f6bfe\" data-element_type=\"column\">\n\t\t\t<div class=\"elementor-widget-wrap elementor-element-populated\">\n\t\t\t\t\t\t<div class=\"elementor-element elementor-element-507cc9c elementor-position-top elementor-widget elementor-widget-image-box\" data-id=\"507cc9c\" data-element_type=\"widget\" data-widget_type=\"image-box.default\">\n\t\t\t\t<div class=\"elementor-widget-container\">\n\t\t\t\t\t<div class=\"elementor-image-box-wrapper\"><figure class=\"elementor-image-box-img\"><a href=\"https:\/\/maps.app.goo.gl\/FeJFdP3QqZ7KRLgy7\" tabindex=\"-1\"><img decoding=\"async\" src=\"https:\/\/institutosanpedro.cl\/inicio\/wp-content\/uploads\/elementor\/thumbs\/here-blanco-rfpuiu080o4pjvxskhn3yhkesf53hng7woi5hf475o.png\" title=\"here-blanco\" alt=\"here-blanco\" loading=\"lazy\" \/><\/a><\/figure><div class=\"elementor-image-box-content\"><h3 class=\"elementor-image-box-title\"><a href=\"https:\/\/maps.app.goo.gl\/FeJFdP3QqZ7KRLgy7\">Las Violetas 1975, San Pedro de la Paz<\/a><\/h3><\/div><\/div>\t\t\t\t<\/div>\n\t\t\t\t<\/div>\n\t\t\t\t\t<\/div>\n\t\t<\/div>\n\t\t\t\t\t<\/div>\n\t\t<\/section>\n\t\t\t\t<section class=\"elementor-section elementor-top-section elementor-element elementor-element-822ce0b elementor-section-boxed elementor-section-height-default elementor-section-height-default\" data-id=\"822ce0b\" data-element_type=\"section\">\n\t\t\t\t\t\t<div class=\"elementor-container elementor-column-gap-default\">\n\t\t\t\t\t<div class=\"elementor-column elementor-col-100 elementor-top-column elementor-element elementor-element-79deda82\" data-id=\"79deda82\" data-element_type=\"column\">\n\t\t\t<div class=\"elementor-widget-wrap elementor-element-populated\">\n\t\t\t\t\t\t<div class=\"elementor-element elementor-element-1c2ea1b8 elementor-widget elementor-widget-spacer\" data-id=\"1c2ea1b8\" data-element_type=\"widget\" data-widget_type=\"spacer.default\">\n\t\t\t\t<div class=\"elementor-widget-container\">\n\t\t\t\t\t\t\t<div class=\"elementor-spacer\">\n\t\t\t<div class=\"elementor-spacer-inner\"><\/div>\n\t\t<\/div>\n\t\t\t\t\t\t<\/div>\n\t\t\t\t<\/div>\n\t\t\t\t\t<\/div>\n\t\t<\/div>\n\t\t\t\t\t<\/div>\n\t\t<\/section>\n\t\t<div class=\"elementor-element elementor-element-107fbce4 e-flex e-con-boxed e-con e-parent\" data-id=\"107fbce4\" data-element_type=\"container\">\n\t\t\t\t\t<div class=\"e-con-inner\">\n\t\t\t\t<div class=\"elementor-element elementor-element-78a2d45d elementor-widget elementor-widget-spacer\" data-id=\"78a2d45d\" data-element_type=\"widget\" data-widget_type=\"spacer.default\">\n\t\t\t\t<div class=\"elementor-widget-container\">\n\t\t\t\t\t\t\t<div class=\"elementor-spacer\">\n\t\t\t<div class=\"elementor-spacer-inner\"><\/div>\n\t\t<\/div>\n\t\t\t\t\t\t<\/div>\n\t\t\t\t<\/div>\n\t\t\t\t\t<\/div>\n\t\t\t\t<\/div>\n\t\t\t\t<\/div>\n\t\t","protected":false},"excerpt":{"rendered":"<p>Centro de Padres CISP Padres y Apoderados son parte importante de la Comunidad Educativa: \u201cPorque desean participar activa y protag\u00f3nicamente en la formaci\u00f3n de sus hijos, se organizan para profundizar, [&hellip;]<\/p>\n","protected":false},"author":2,"featured_media":0,"parent":0,"menu_order":0,"comment_status":"closed","ping_status":"closed","template":"elementor_header_footer","meta":{"footnotes":""},"class_list":["post-1354","page","type-page","status-publish","hentry"],"_links":{"self":[{"href":"https:\/\/institutosanpedro.cl\/inicio\/wp-json\/wp\/v2\/pages\/1354","targetHints":{"allow":["GET"]}}],"collection":[{"href":"https:\/\/institutosanpedro.cl\/inicio\/wp-json\/wp\/v2\/pages"}],"about":[{"href":"https:\/\/institutosanpedro.cl\/inicio\/wp-json\/wp\/v2\/types\/page"}],"author":[{"embeddable":true,"href":"https:\/\/institutosanpedro.cl\/inicio\/wp-json\/wp\/v2\/users\/2"}],"replies":[{"embeddable":true,"href":"https:\/\/institutosanpedro.cl\/inicio\/wp-json\/wp\/v2\/comments?post=1354"}],"version-history":[{"count":13,"href":"https:\/\/institutosanpedro.cl\/inicio\/wp-json\/wp\/v2\/pages\/1354\/revisions"}],"predecessor-version":[{"id":4769,"href":"https:\/\/institutosanpedro.cl\/inicio\/wp-json\/wp\/v2\/pages\/1354\/revisions\/4769"}],"wp:attachment":[{"href":"https:\/\/institutosanpedro.cl\/inicio\/wp-json\/wp\/v2\/media?parent=1354"}],"curies":[{"name":"wp","href":"https:\/\/api.w.org\/{rel}","templated":true}]}}