{"id":1368,"date":"2024-04-17T14:45:53","date_gmt":"2024-04-17T14:45:53","guid":{"rendered":"https:\/\/institutosanpedro.cl\/inicio\/?page_id=1368"},"modified":"2026-01-06T13:07:03","modified_gmt":"2026-01-06T13:07:03","slug":"centro-de-alumnos","status":"publish","type":"page","link":"https:\/\/institutosanpedro.cl\/inicio\/centro-de-alumnos\/","title":{"rendered":"Centro de Alumnos"},"content":{"rendered":"\t\t<div data-elementor-type=\"wp-page\" data-elementor-id=\"1368\" class=\"elementor elementor-1368\" data-elementor-post-type=\"page\">\n\t\t\t\t<div class=\"elementor-element elementor-element-73ece2a5 e-con-full e-flex e-con e-parent\" data-id=\"73ece2a5\" data-element_type=\"container\" data-settings=\"{&quot;background_background&quot;:&quot;classic&quot;}\">\n\t\t\t\t<\/div>\n\t\t<div class=\"elementor-element elementor-element-c0aeb1 e-flex e-con-boxed e-con e-parent\" data-id=\"c0aeb1\" data-element_type=\"container\">\n\t\t\t\t\t<div class=\"e-con-inner\">\n\t\t\t\t<div class=\"elementor-element elementor-element-741494d2 elementor-widget elementor-widget-spacer\" data-id=\"741494d2\" data-element_type=\"widget\" data-widget_type=\"spacer.default\">\n\t\t\t\t<div class=\"elementor-widget-container\">\n\t\t\t\t\t\t\t<div class=\"elementor-spacer\">\n\t\t\t<div class=\"elementor-spacer-inner\"><\/div>\n\t\t<\/div>\n\t\t\t\t\t\t<\/div>\n\t\t\t\t<\/div>\n\t\t\t\t\t<\/div>\n\t\t\t\t<\/div>\n\t\t<div class=\"elementor-element elementor-element-4f4cbd08 e-flex e-con-boxed e-con e-parent\" data-id=\"4f4cbd08\" data-element_type=\"container\">\n\t\t\t\t\t<div class=\"e-con-inner\">\n\t\t\t\t<div class=\"elementor-element elementor-element-e1ce1fb elementor-widget elementor-widget-widgetkit-for-elementor-animation-text\" data-id=\"e1ce1fb\" data-element_type=\"widget\" data-widget_type=\"widgetkit-for-elementor-animation-text.default\">\n\t\t\t\t<div class=\"elementor-widget-container\">\n\t\t\t\t\t    <div class=\"animation-text\">\n        <div class=\"text-slide\">\n            <h2 class=\"cd-headline loading-bar\">\n                  \n                    <span>Centro de Alumnos<\/span>\n                                <span class=\"cd-words-wrapper\">\n                                                                <b class=\"is-visible\">CISP<\/b>\n                                    <\/span>\n                             <\/h2> <!-- cd-headline -->\n        <\/div> <!-- text-slide -->\n    <\/div><!-- animation-text -->\n\n        <script type=\"text\/javascript\">\n            jQuery(function($){\n                if(!$('body').hasClass('wk-animation-headline')){\n                    $('body').addClass('wk-animation-headline');\n                }\n            });\n\n        <\/script>\t\t\t\t<\/div>\n\t\t\t\t<\/div>\n\t\t\t\t\t<\/div>\n\t\t\t\t<\/div>\n\t\t<div class=\"elementor-element elementor-element-2773e021 e-flex e-con-boxed e-con e-parent\" data-id=\"2773e021\" data-element_type=\"container\">\n\t\t\t\t\t<div class=\"e-con-inner\">\n\t\t\t\t<div class=\"elementor-element elementor-element-7bc6b6ac elementor-widget elementor-widget-text-editor\" data-id=\"7bc6b6ac\" data-element_type=\"widget\" data-widget_type=\"text-editor.default\">\n\t\t\t\t<div class=\"elementor-widget-container\">\n\t\t\t\t\t\t\t\t\t<p>El Centro de Alumnos es una organizaci\u00f3n formada por estudiantes, que tiene como finalidad servir a sus miembros, en funci\u00f3n de los prop\u00f3sitos del establecimiento y dentro de las normas de organizaci\u00f3n escolar, como medio de desarrollar en ellos el pensamiento reflexivo, el juicio cr\u00edtico y la voluntad de acci\u00f3n; de formarlos para la vida democr\u00e1tica y de prepararlos para participar en los cambios culturales y sociales.<\/p>\t\t\t\t\t\t\t\t<\/div>\n\t\t\t\t<\/div>\n\t\t\t\t\t<\/div>\n\t\t\t\t<\/div>\n\t\t<div class=\"elementor-element elementor-element-734225d e-flex e-con-boxed e-con e-parent\" data-id=\"734225d\" data-element_type=\"container\">\n\t\t\t\t\t<div class=\"e-con-inner\">\n\t\t\t\t<div class=\"elementor-element elementor-element-f473f24 elementor-widget elementor-widget-spacer\" data-id=\"f473f24\" data-element_type=\"widget\" data-widget_type=\"spacer.default\">\n\t\t\t\t<div class=\"elementor-widget-container\">\n\t\t\t\t\t\t\t<div class=\"elementor-spacer\">\n\t\t\t<div class=\"elementor-spacer-inner\"><\/div>\n\t\t<\/div>\n\t\t\t\t\t\t<\/div>\n\t\t\t\t<\/div>\n\t\t\t\t\t<\/div>\n\t\t\t\t<\/div>\n\t\t<div class=\"elementor-element elementor-element-f8f2504 e-flex e-con-boxed e-con e-parent\" data-id=\"f8f2504\" data-element_type=\"container\">\n\t\t\t\t\t<div class=\"e-con-inner\">\n\t\t\t\t<div class=\"elementor-element elementor-element-e6d2b73 elementor-widget elementor-widget-heading\" data-id=\"e6d2b73\" data-element_type=\"widget\" data-widget_type=\"heading.default\">\n\t\t\t\t<div class=\"elementor-widget-container\">\n\t\t\t\t\t<h2 class=\"elementor-heading-title elementor-size-default\">Propuesta CEES 2025<\/h2>\t\t\t\t<\/div>\n\t\t\t\t<\/div>\n\t\t\t\t\t<\/div>\n\t\t\t\t<\/div>\n\t\t<div class=\"elementor-element elementor-element-658d493 e-flex e-con-boxed e-con e-parent\" data-id=\"658d493\" data-element_type=\"container\">\n\t\t\t\t\t<div class=\"e-con-inner\">\n\t\t\t\t<div class=\"elementor-element elementor-element-a725f4d elementor-widget elementor-widget-spacer\" data-id=\"a725f4d\" data-element_type=\"widget\" data-widget_type=\"spacer.default\">\n\t\t\t\t<div class=\"elementor-widget-container\">\n\t\t\t\t\t\t\t<div class=\"elementor-spacer\">\n\t\t\t<div class=\"elementor-spacer-inner\"><\/div>\n\t\t<\/div>\n\t\t\t\t\t\t<\/div>\n\t\t\t\t<\/div>\n\t\t\t\t\t<\/div>\n\t\t\t\t<\/div>\n\t\t<div class=\"elementor-element elementor-element-4784019 e-flex e-con-boxed e-con e-parent\" data-id=\"4784019\" data-element_type=\"container\">\n\t\t\t\t\t<div class=\"e-con-inner\">\n\t\t\t\t<div class=\"elementor-element elementor-element-9af0cef elementor-widget elementor-widget-text-editor\" data-id=\"9af0cef\" data-element_type=\"widget\" data-widget_type=\"text-editor.default\">\n\t\t\t\t<div class=\"elementor-widget-container\">\n\t\t\t\t\t\t\t\t\t<h6 style=\"text-align: center;\"><strong><span style=\"font-family: verdana, sans-serif;\">\u00abTodos juntos somos la voz y el coraz\u00f3n de la instituci\u00f3n, enfrentaremos las adversidades con valent\u00eda\u00bb<\/span><\/strong><\/h6><h3>\u00a0<\/h3><h3><span style=\"font-family: garamond, times new roman, serif;\"><b>\u00a0COMUNICACI\u00d3N<\/b><\/span><\/h3><p>\u00a0<\/p><h5>\u00a0Reuniones mensuales<\/h5><p>\u2022 Reuniones mensuales con directivas, direcci\u00f3n y el mismo centro de estudiantes para dialogar e intercambiar informaci\u00f3n.<\/p><p>\u00a0<\/p><h3><span style=\"font-family: garamond, times new roman, serif;\"><b>ACTIVIDADES RECREATIVAS<\/b><\/span><\/h3><p>\u00a0<\/p><h5>Actividades en recreos<\/h5><div>\u2022 Entrevistas, mini torneos y din\u00e1micas para hacer los recreos m\u00e1s entretenidos.<\/div><div>\u00a0<\/div><h5>Actividades en fechas festivas<\/h5><div>\u2022 Celebrar Halloween, Navidad y otras festividades con actividades para la comunidad.<\/div><div>\u00a0<\/div><h5>Torneos deportivos e intelectuales<\/h5><div>\u2022 Competencias deportivas e intelectuales tanto internas como externas.<\/div><div>\u00a0<\/div><h5>\u00a0Feria de emprendedores<\/h5><div>\u2022 Espacio para que los estudiantes puedan comprar y vender productos.<\/div><div>\u00a0<\/div><h5>\u00a0Mascota<\/h5><div>\u2022 Crear una mascota que represente a la comunidad escolar y que est\u00e9 presente en los actos.<\/div><div>\u00a0<\/div><div>\u00a0<\/div><h3><span style=\"font-family: garamond, times new roman, serif;\"><b>ACTIVIDADES PEDAG\u00d3GICAS<\/b><\/span><\/h3><p>\u00a0<\/p><h5>\u00a0Charlas mensuales<\/h5><div>\u2022 Charlas informativas para los cursos generando un mejor entorno.<\/div><div>\u00a0<\/div><h5>\u00a0Implementar el blazer<\/h5><div>\u2022 Implementaci\u00f3n de blazer para presentaciones y eventos formales.<\/div><div>\u00a0<\/div><h5>Torneos en ingl\u00e9s<\/h5><div>\u2022 Competencias en ingl\u00e9s para practicar vocabulario y comprensi\u00f3n.<\/div><div>\u00a0<\/div><h5>Financiar juegos de mesa<\/h5><div>\u2022 Adquirir mayor cantidad de juegos, creando un entorno de recreos entretenidos y tiempos libres en biblioteca.<\/div><div>\u00a0<\/div><h3><span style=\"font-family: garamond, times new roman, serif;\"><b>INCENTIVOS<\/b><\/span><\/h3><h5>\u00a0<\/h5><h5>Premio mayor asistencia<\/h5><div>\u2022 Reconocimiento y premio al curso con mejor asistencia al final del a\u00f1o.<\/div><div>\u00a0<\/div><h5>\u00a0Presentaci\u00f3n personal<\/h5><div>\u2022 Reconocimiento y premio al curso con mayor porcentaje de estudiantes que usen uniforme completo.<\/div><div>\u00a0<\/div><h3><span style=\"font-family: garamond, times new roman, serif;\"><b>INFRAESTRUCTURA<\/b><\/span><\/h3><p>\u00a0<\/p><h5>Mejorar material del establecimiento<\/h5><div>\u2022 Renovar materiales que se ocupan en clases y las salas para un mejor entorno de estudio.<\/div><div>\u00a0<\/div><div><h5>Implementar un invernadero<\/h5><div>\u2022 Crear un entorno de respeto entre estudiantes\/ medioambiente mejorando la relaci\u00f3n con la naturaleza.<\/div><div>\u00a0<\/div><h5>Diario mural en ingl\u00e9s<\/h5><div>\u2022 Mural informativo 100% en ingl\u00e9s para fomentar el idioma.<\/div><div>\u00a0<\/div><h5>Cambiar el tablero del gimnasio<\/h5><div>\u2022 Sustituirlo por uno acr\u00edlico m\u00e1s moderno.<\/div><\/div>\t\t\t\t\t\t\t\t<\/div>\n\t\t\t\t<\/div>\n\t\t\t\t\t<\/div>\n\t\t\t\t<\/div>\n\t\t<div class=\"elementor-element elementor-element-1fdae69 e-flex e-con-boxed e-con e-parent\" data-id=\"1fdae69\" data-element_type=\"container\">\n\t\t\t\t\t<div class=\"e-con-inner\">\n\t\t\t\t<div class=\"elementor-element elementor-element-aa1bd58 elementor-widget elementor-widget-spacer\" data-id=\"aa1bd58\" data-element_type=\"widget\" data-widget_type=\"spacer.default\">\n\t\t\t\t<div class=\"elementor-widget-container\">\n\t\t\t\t\t\t\t<div class=\"elementor-spacer\">\n\t\t\t<div class=\"elementor-spacer-inner\"><\/div>\n\t\t<\/div>\n\t\t\t\t\t\t<\/div>\n\t\t\t\t<\/div>\n\t\t\t\t\t<\/div>\n\t\t\t\t<\/div>\n\t\t<div class=\"elementor-element elementor-element-38a79e8 e-flex e-con-boxed e-con e-parent\" data-id=\"38a79e8\" data-element_type=\"container\">\n\t\t\t\t\t<div class=\"e-con-inner\">\n\t\t\t\t<div class=\"elementor-element elementor-element-0a985d6 elementor-widget elementor-widget-heading\" data-id=\"0a985d6\" data-element_type=\"widget\" data-widget_type=\"heading.default\">\n\t\t\t\t<div class=\"elementor-widget-container\">\n\t\t\t\t\t<h2 class=\"elementor-heading-title elementor-size-default\">Centro de Estudiantes<\/h2>\t\t\t\t<\/div>\n\t\t\t\t<\/div>\n\t\t\t\t\t<\/div>\n\t\t\t\t<\/div>\n\t\t<div class=\"elementor-element elementor-element-2d2d033 e-flex e-con-boxed e-con e-parent\" data-id=\"2d2d033\" data-element_type=\"container\">\n\t\t\t\t\t<div class=\"e-con-inner\">\n\t\t\t\t<div class=\"elementor-element elementor-element-50123eb elementor-widget elementor-widget-spacer\" data-id=\"50123eb\" data-element_type=\"widget\" data-widget_type=\"spacer.default\">\n\t\t\t\t<div class=\"elementor-widget-container\">\n\t\t\t\t\t\t\t<div class=\"elementor-spacer\">\n\t\t\t<div class=\"elementor-spacer-inner\"><\/div>\n\t\t<\/div>\n\t\t\t\t\t\t<\/div>\n\t\t\t\t<\/div>\n\t\t\t\t\t<\/div>\n\t\t\t\t<\/div>\n\t\t<div class=\"elementor-element elementor-element-1e5332f e-flex e-con-boxed e-con e-parent\" data-id=\"1e5332f\" data-element_type=\"container\">\n\t\t\t\t\t<div class=\"e-con-inner\">\n\t\t\t\t<div class=\"elementor-element elementor-element-c4b27c2 elementor-widget elementor-widget-text-editor\" data-id=\"c4b27c2\" data-element_type=\"widget\" data-widget_type=\"text-editor.default\">\n\t\t\t\t<div class=\"elementor-widget-container\">\n\t\t\t\t\t\t\t\t\t<p>Jose luis Salini 3\u00b0MB cargo: Presidente.<br \/>Antonia Morales 1\u00b0MB cargo: Vicepresidenta.<br \/>Josefa miranda 2\u00b0 MA cargo: Secretaria.<br \/>Maximiliano Riffo 3\u00b0 MB cargo: Tesorero.<br \/>Ignacio Arias 2\u00b0MA cargo: Delegado de Deportes.<br \/>Amparo Castillo 7\u00b0B cargo: Delegada de Medioambiente.<br \/>Fernanda Mendoza 8\u00b0B cargo: Delegada R.R.S.S.<br \/>Aranza Luengo 3\u00b0MA cargo: Delegada de Convivencia Escolar.<\/p>\t\t\t\t\t\t\t\t<\/div>\n\t\t\t\t<\/div>\n\t\t\t\t\t<\/div>\n\t\t\t\t<\/div>\n\t\t\t\t<section class=\"elementor-section elementor-top-section elementor-element elementor-element-36b1cdc7 elementor-section-boxed elementor-section-height-default elementor-section-height-default\" data-id=\"36b1cdc7\" data-element_type=\"section\">\n\t\t\t\t\t\t<div class=\"elementor-container elementor-column-gap-default\">\n\t\t\t\t\t<div class=\"elementor-column elementor-col-100 elementor-top-column elementor-element elementor-element-618c57c\" data-id=\"618c57c\" data-element_type=\"column\">\n\t\t\t<div class=\"elementor-widget-wrap elementor-element-populated\">\n\t\t\t\t\t\t<div class=\"elementor-element elementor-element-5b15676b elementor-widget elementor-widget-spacer\" data-id=\"5b15676b\" data-element_type=\"widget\" data-widget_type=\"spacer.default\">\n\t\t\t\t<div class=\"elementor-widget-container\">\n\t\t\t\t\t\t\t<div class=\"elementor-spacer\">\n\t\t\t<div class=\"elementor-spacer-inner\"><\/div>\n\t\t<\/div>\n\t\t\t\t\t\t<\/div>\n\t\t\t\t<\/div>\n\t\t\t\t\t<\/div>\n\t\t<\/div>\n\t\t\t\t\t<\/div>\n\t\t<\/section>\n\t\t\t\t<section class=\"elementor-section elementor-top-section elementor-element elementor-element-2c5a6343 elementor-section-full_width elementor-section-height-min-height elementor-section-content-space-evenly elementor-section-stretched elementor-section-height-default elementor-section-items-middle\" data-id=\"2c5a6343\" data-element_type=\"section\" data-settings=\"{&quot;stretch_section&quot;:&quot;section-stretched&quot;,&quot;background_background&quot;:&quot;classic&quot;}\">\n\t\t\t\t\t\t<div class=\"elementor-container elementor-column-gap-no\">\n\t\t\t\t\t<div class=\"elementor-column elementor-col-100 elementor-top-column elementor-element elementor-element-3e016429\" data-id=\"3e016429\" data-element_type=\"column\">\n\t\t\t<div class=\"elementor-widget-wrap elementor-element-populated\">\n\t\t\t\t\t\t<div class=\"elementor-element elementor-element-40cc74b8 elementor-widget elementor-widget-widgetkit-for-elementor-animation-text\" data-id=\"40cc74b8\" data-element_type=\"widget\" data-widget_type=\"widgetkit-for-elementor-animation-text.default\">\n\t\t\t\t<div class=\"elementor-widget-container\">\n\t\t\t\t\t    <div class=\"animation-text\">\n        <div class=\"text-slide\">\n            <h2 class=\"cd-headline rotate-1\">\n                  \n                    <span>Colegio Instituto San Pedro<\/span>\n                                <span class=\"cd-words-wrapper\">\n                                                                <b class=\"is-visible\">62 a\u00f1os de Historia<\/b>\n                                            <b class=\"\">Educando<\/b>\n                                            <b class=\"\">Creando Lideres<\/b>\n                                    <\/span>\n                             <\/h2> <!-- cd-headline -->\n        <\/div> <!-- text-slide -->\n    <\/div><!-- animation-text -->\n\n        <script type=\"text\/javascript\">\n            jQuery(function($){\n                if(!$('body').hasClass('wk-animation-headline')){\n                    $('body').addClass('wk-animation-headline');\n                }\n            });\n\n        <\/script>\t\t\t\t<\/div>\n\t\t\t\t<\/div>\n\t\t\t\t\t<\/div>\n\t\t<\/div>\n\t\t\t\t\t<\/div>\n\t\t<\/section>\n\t\t\t\t<section class=\"elementor-section elementor-top-section elementor-element elementor-element-b5816fa elementor-section-boxed elementor-section-height-default elementor-section-height-default\" data-id=\"b5816fa\" data-element_type=\"section\" data-settings=\"{&quot;background_background&quot;:&quot;classic&quot;}\">\n\t\t\t\t\t\t<div class=\"elementor-container elementor-column-gap-default\">\n\t\t\t\t\t<div class=\"elementor-column elementor-col-33 elementor-top-column elementor-element elementor-element-74518707\" data-id=\"74518707\" data-element_type=\"column\">\n\t\t\t<div class=\"elementor-widget-wrap elementor-element-populated\">\n\t\t\t\t\t\t<div class=\"elementor-element elementor-element-6415c863 elementor-position-top elementor-widget elementor-widget-image-box\" data-id=\"6415c863\" data-element_type=\"widget\" data-widget_type=\"image-box.default\">\n\t\t\t\t<div class=\"elementor-widget-container\">\n\t\t\t\t\t<div class=\"elementor-image-box-wrapper\"><figure class=\"elementor-image-box-img\"><a href=\"tel:412282998\" tabindex=\"-1\"><img decoding=\"async\" src=\"https:\/\/institutosanpedro.cl\/inicio\/wp-content\/uploads\/elementor\/thumbs\/call-blanco-rfpuiu080o4pjvxskhn3yhkesf53hng7woi5hf475o.png\" title=\"call-blanco\" alt=\"call-blanco\" loading=\"lazy\" \/><\/a><\/figure><div class=\"elementor-image-box-content\"><h3 class=\"elementor-image-box-title\"><a href=\"tel:412282998\">41-228 29 98<\/a><\/h3><\/div><\/div>\t\t\t\t<\/div>\n\t\t\t\t<\/div>\n\t\t\t\t\t<\/div>\n\t\t<\/div>\n\t\t\t\t<div class=\"elementor-column elementor-col-33 elementor-top-column elementor-element elementor-element-41fd0fcf\" data-id=\"41fd0fcf\" data-element_type=\"column\">\n\t\t\t<div class=\"elementor-widget-wrap elementor-element-populated\">\n\t\t\t\t\t\t<div class=\"elementor-element elementor-element-45bef54f elementor-position-top elementor-widget elementor-widget-image-box\" data-id=\"45bef54f\" data-element_type=\"widget\" data-widget_type=\"image-box.default\">\n\t\t\t\t<div class=\"elementor-widget-container\">\n\t\t\t\t\t<div class=\"elementor-image-box-wrapper\"><figure class=\"elementor-image-box-img\"><img decoding=\"async\" src=\"https:\/\/institutosanpedro.cl\/inicio\/wp-content\/uploads\/elementor\/thumbs\/Logo-Blanco-rfpuiu080o4pjvxskhn3yhkesf53hng7woi5hf475o.png\" title=\"Logo-Blanco\" alt=\"Logo-Blanco\" loading=\"lazy\" \/><\/figure><div class=\"elementor-image-box-content\"><h3 class=\"elementor-image-box-title\">Colegio Instituto San Pedro<\/h3><\/div><\/div>\t\t\t\t<\/div>\n\t\t\t\t<\/div>\n\t\t\t\t\t<\/div>\n\t\t<\/div>\n\t\t\t\t<div class=\"elementor-column elementor-col-33 elementor-top-column elementor-element elementor-element-4e028c16\" data-id=\"4e028c16\" data-element_type=\"column\">\n\t\t\t<div class=\"elementor-widget-wrap elementor-element-populated\">\n\t\t\t\t\t\t<div class=\"elementor-element elementor-element-e4d980b elementor-position-top elementor-widget elementor-widget-image-box\" data-id=\"e4d980b\" data-element_type=\"widget\" data-widget_type=\"image-box.default\">\n\t\t\t\t<div class=\"elementor-widget-container\">\n\t\t\t\t\t<div class=\"elementor-image-box-wrapper\"><figure class=\"elementor-image-box-img\"><a href=\"https:\/\/maps.app.goo.gl\/FeJFdP3QqZ7KRLgy7\" tabindex=\"-1\"><img decoding=\"async\" src=\"https:\/\/institutosanpedro.cl\/inicio\/wp-content\/uploads\/elementor\/thumbs\/here-blanco-rfpuiu080o4pjvxskhn3yhkesf53hng7woi5hf475o.png\" title=\"here-blanco\" alt=\"here-blanco\" loading=\"lazy\" \/><\/a><\/figure><div class=\"elementor-image-box-content\"><h3 class=\"elementor-image-box-title\"><a href=\"https:\/\/maps.app.goo.gl\/FeJFdP3QqZ7KRLgy7\">Las Violetas 1975, San Pedro de la Paz<\/a><\/h3><\/div><\/div>\t\t\t\t<\/div>\n\t\t\t\t<\/div>\n\t\t\t\t\t<\/div>\n\t\t<\/div>\n\t\t\t\t\t<\/div>\n\t\t<\/section>\n\t\t\t\t<section class=\"elementor-section elementor-top-section elementor-element elementor-element-57c0ff50 elementor-section-boxed elementor-section-height-default elementor-section-height-default\" data-id=\"57c0ff50\" data-element_type=\"section\">\n\t\t\t\t\t\t<div class=\"elementor-container elementor-column-gap-default\">\n\t\t\t\t\t<div class=\"elementor-column elementor-col-100 elementor-top-column elementor-element elementor-element-3db726dd\" data-id=\"3db726dd\" data-element_type=\"column\">\n\t\t\t<div class=\"elementor-widget-wrap elementor-element-populated\">\n\t\t\t\t\t\t<div class=\"elementor-element elementor-element-44e4cd97 elementor-widget elementor-widget-spacer\" data-id=\"44e4cd97\" data-element_type=\"widget\" data-widget_type=\"spacer.default\">\n\t\t\t\t<div class=\"elementor-widget-container\">\n\t\t\t\t\t\t\t<div class=\"elementor-spacer\">\n\t\t\t<div class=\"elementor-spacer-inner\"><\/div>\n\t\t<\/div>\n\t\t\t\t\t\t<\/div>\n\t\t\t\t<\/div>\n\t\t\t\t\t<\/div>\n\t\t<\/div>\n\t\t\t\t\t<\/div>\n\t\t<\/section>\n\t\t<div class=\"elementor-element elementor-element-773ff963 e-flex e-con-boxed e-con e-parent\" data-id=\"773ff963\" data-element_type=\"container\">\n\t\t\t\t\t<div class=\"e-con-inner\">\n\t\t\t\t<div class=\"elementor-element elementor-element-6c1e0859 elementor-widget elementor-widget-spacer\" data-id=\"6c1e0859\" data-element_type=\"widget\" data-widget_type=\"spacer.default\">\n\t\t\t\t<div class=\"elementor-widget-container\">\n\t\t\t\t\t\t\t<div class=\"elementor-spacer\">\n\t\t\t<div class=\"elementor-spacer-inner\"><\/div>\n\t\t<\/div>\n\t\t\t\t\t\t<\/div>\n\t\t\t\t<\/div>\n\t\t\t\t\t<\/div>\n\t\t\t\t<\/div>\n\t\t\t\t<\/div>\n\t\t","protected":false},"excerpt":{"rendered":"<p>Centro de Alumnos CISP El Centro de Alumnos es una organizaci\u00f3n formada por estudiantes, que tiene como finalidad servir a sus miembros, en funci\u00f3n de los prop\u00f3sitos del establecimiento y [&hellip;]<\/p>\n","protected":false},"author":2,"featured_media":0,"parent":0,"menu_order":0,"comment_status":"closed","ping_status":"closed","template":"elementor_header_footer","meta":{"footnotes":""},"class_list":["post-1368","page","type-page","status-publish","hentry"],"_links":{"self":[{"href":"https:\/\/institutosanpedro.cl\/inicio\/wp-json\/wp\/v2\/pages\/1368","targetHints":{"allow":["GET"]}}],"collection":[{"href":"https:\/\/institutosanpedro.cl\/inicio\/wp-json\/wp\/v2\/pages"}],"about":[{"href":"https:\/\/institutosanpedro.cl\/inicio\/wp-json\/wp\/v2\/types\/page"}],"author":[{"embeddable":true,"href":"https:\/\/institutosanpedro.cl\/inicio\/wp-json\/wp\/v2\/users\/2"}],"replies":[{"embeddable":true,"href":"https:\/\/institutosanpedro.cl\/inicio\/wp-json\/wp\/v2\/comments?post=1368"}],"version-history":[{"count":28,"href":"https:\/\/institutosanpedro.cl\/inicio\/wp-json\/wp\/v2\/pages\/1368\/revisions"}],"predecessor-version":[{"id":4772,"href":"https:\/\/institutosanpedro.cl\/inicio\/wp-json\/wp\/v2\/pages\/1368\/revisions\/4772"}],"wp:attachment":[{"href":"https:\/\/institutosanpedro.cl\/inicio\/wp-json\/wp\/v2\/media?parent=1368"}],"curies":[{"name":"wp","href":"https:\/\/api.w.org\/{rel}","templated":true}]}}