{"id":365,"date":"2024-02-19T15:29:13","date_gmt":"2024-02-19T15:29:13","guid":{"rendered":"https:\/\/institutosanpedro.cl\/inicio\/?page_id=365"},"modified":"2026-04-15T17:54:51","modified_gmt":"2026-04-15T17:54:51","slug":"direccion","status":"publish","type":"page","link":"https:\/\/institutosanpedro.cl\/inicio\/direccion\/","title":{"rendered":"Direcci\u00f3n"},"content":{"rendered":"\t\t<div data-elementor-type=\"wp-page\" data-elementor-id=\"365\" class=\"elementor elementor-365\" data-elementor-post-type=\"page\">\n\t\t\t\t<div class=\"elementor-element elementor-element-452cfd7e e-con-full e-flex e-con e-parent\" data-id=\"452cfd7e\" data-element_type=\"container\" data-settings=\"{&quot;background_background&quot;:&quot;classic&quot;}\">\n\t\t\t\t<\/div>\n\t\t<div class=\"elementor-element elementor-element-66d38c18 e-flex e-con-boxed e-con e-parent\" data-id=\"66d38c18\" data-element_type=\"container\">\n\t\t\t\t\t<div class=\"e-con-inner\">\n\t\t\t\t<div class=\"elementor-element elementor-element-1dff362c elementor-widget elementor-widget-spacer\" data-id=\"1dff362c\" data-element_type=\"widget\" data-widget_type=\"spacer.default\">\n\t\t\t\t<div class=\"elementor-widget-container\">\n\t\t\t\t\t\t\t<div class=\"elementor-spacer\">\n\t\t\t<div class=\"elementor-spacer-inner\"><\/div>\n\t\t<\/div>\n\t\t\t\t\t\t<\/div>\n\t\t\t\t<\/div>\n\t\t\t\t\t<\/div>\n\t\t\t\t<\/div>\n\t\t<div class=\"elementor-element elementor-element-d2bbc9a e-flex e-con-boxed e-con e-parent\" data-id=\"d2bbc9a\" data-element_type=\"container\">\n\t\t\t\t\t<div class=\"e-con-inner\">\n\t\t\t\t<div class=\"elementor-element elementor-element-126847a elementor-widget elementor-widget-text-editor\" data-id=\"126847a\" data-element_type=\"widget\" data-widget_type=\"text-editor.default\">\n\t\t\t\t<div class=\"elementor-widget-container\">\n\t\t\t\t\t\t\t\t\t<p>La Direcci\u00f3n del Colegio Instituto San Pedro dirige y coordina la Unidad Educativa, de acuerdo a los principios de la Ley Constitucional de Educaci\u00f3n, reflejada en los objetivos de nuestro Proyecto Educativo. Su prop\u00f3sito es construir un ambiente sano, enriquecedor y propicio para el desarrollo integral de todos los estudiantes con la participaci\u00f3n de la comunidad escolar. Su director es el profesor Eduardo Parra Zambrano, Magister en Direcci\u00f3n de Establecimientos Educacionales, Mag\u00edster en Inform\u00e1tica Educativa, Diplomado en Convivencia Escolar.<\/p>\t\t\t\t\t\t\t\t<\/div>\n\t\t\t\t<\/div>\n\t\t\t\t\t<\/div>\n\t\t\t\t<\/div>\n\t\t<div class=\"elementor-element elementor-element-d4f8af4 e-flex e-con-boxed e-con e-parent\" data-id=\"d4f8af4\" data-element_type=\"container\">\n\t\t\t\t\t<div class=\"e-con-inner\">\n\t\t<div class=\"elementor-element elementor-element-7eeb79c e-con-full e-flex e-con e-child\" data-id=\"7eeb79c\" data-element_type=\"container\">\n\t\t\t\t<div class=\"elementor-element elementor-element-0fea93f elementor-widget elementor-widget-image\" data-id=\"0fea93f\" data-element_type=\"widget\" data-widget_type=\"image.default\">\n\t\t\t\t<div class=\"elementor-widget-container\">\n\t\t\t\t\t\t\t\t\t\t\t\t\t\t\t<img fetchpriority=\"high\" decoding=\"async\" width=\"960\" height=\"703\" src=\"https:\/\/institutosanpedro.cl\/inicio\/wp-content\/uploads\/2024\/03\/Eduardo-Parra-JPEG-1024x750.jpg\" class=\"attachment-large size-large wp-image-1034\" alt=\"\" srcset=\"https:\/\/institutosanpedro.cl\/inicio\/wp-content\/uploads\/2024\/03\/Eduardo-Parra-JPEG-1024x750.jpg 1024w, https:\/\/institutosanpedro.cl\/inicio\/wp-content\/uploads\/2024\/03\/Eduardo-Parra-JPEG-300x220.jpg 300w, https:\/\/institutosanpedro.cl\/inicio\/wp-content\/uploads\/2024\/03\/Eduardo-Parra-JPEG-768x562.jpg 768w, https:\/\/institutosanpedro.cl\/inicio\/wp-content\/uploads\/2024\/03\/Eduardo-Parra-JPEG.jpg 1124w\" sizes=\"(max-width: 960px) 100vw, 960px\" \/>\t\t\t\t\t\t\t\t\t\t\t\t\t\t\t<\/div>\n\t\t\t\t<\/div>\n\t\t\t\t<\/div>\n\t\t<div class=\"elementor-element elementor-element-440562e e-con-full e-flex e-con e-child\" data-id=\"440562e\" data-element_type=\"container\">\n\t\t\t\t<div class=\"elementor-element elementor-element-4a2e019 elementor-widget elementor-widget-text-editor\" data-id=\"4a2e019\" data-element_type=\"widget\" data-widget_type=\"text-editor.default\">\n\t\t\t\t<div class=\"elementor-widget-container\">\n\t\t\t\t\t\t\t\t\t<p>A nombre de la comunidad del Colegio Instituto San Pedro, les doy una cordial bienvenida a todos quienes visitan nuestra p\u00e1gina web, tanto a quienes son parte de la comunidad como a las personas que quieren conocernos un poco m\u00e1s. En este espacio encontrar\u00e1n la informaci\u00f3n para que puedan conocer qui\u00e9nes somos, qu\u00e9 es lo que buscamos y c\u00f3mo estamos organizados para lograr nuestros objetivos.\u00a0<\/p><p>Para la realizaci\u00f3n de esta gran tarea contamos con un gran equipo de educadores (as), que gu\u00edan estos procesos buscando que cada estudiante desarrolle un amor por el aprendizaje, con altas expectativas respecto a cada uno de ellos y en constantes procesos de perfeccionamiento profesional. Este equipo es apoyado por todos quienes trabajamos en el colegio: psic\u00f3logos, psicopedagogos, profesoras diferenciales, inspectores, auxiliares, administrativos y equipo directivo.<\/p><p>Para que nuestro esfuerzo y dedicaci\u00f3n nos permitan alcanzar nuestros objetivos contamos con el apoyo y trabajo conjunto con los padres- madres y apoderados, como tambi\u00e9n con la creciente autonom\u00eda y compromiso de los estudiantes para con sus propios procesos de crecimiento y aprendizaje.<br \/>Les saluda afectuosamente,<\/p>\t\t\t\t\t\t\t\t<\/div>\n\t\t\t\t<\/div>\n\t\t\t\t<\/div>\n\t\t\t\t\t<\/div>\n\t\t\t\t<\/div>\n\t\t<div class=\"elementor-element elementor-element-8b02ac4 e-flex e-con-boxed e-con e-parent\" data-id=\"8b02ac4\" data-element_type=\"container\">\n\t\t\t\t\t<div class=\"e-con-inner\">\n\t\t\t\t<div class=\"elementor-element elementor-element-aaf0c45 elementor-widget elementor-widget-heading\" data-id=\"aaf0c45\" data-element_type=\"widget\" data-widget_type=\"heading.default\">\n\t\t\t\t<div class=\"elementor-widget-container\">\n\t\t\t\t\t<h2 class=\"elementor-heading-title elementor-size-default\">Eduardo Parra Zambrano<\/h2>\t\t\t\t<\/div>\n\t\t\t\t<\/div>\n\t\t\t\t\t<\/div>\n\t\t\t\t<\/div>\n\t\t\t\t<section class=\"elementor-section elementor-top-section elementor-element elementor-element-5216f7bc elementor-section-boxed elementor-section-height-default elementor-section-height-default\" data-id=\"5216f7bc\" data-element_type=\"section\">\n\t\t\t\t\t\t<div class=\"elementor-container elementor-column-gap-default\">\n\t\t\t\t\t<div class=\"elementor-column elementor-col-100 elementor-top-column elementor-element elementor-element-5d6433b5\" data-id=\"5d6433b5\" data-element_type=\"column\">\n\t\t\t<div class=\"elementor-widget-wrap elementor-element-populated\">\n\t\t\t\t\t\t<div class=\"elementor-element elementor-element-4491a00 elementor-widget elementor-widget-text-editor\" data-id=\"4491a00\" data-element_type=\"widget\" data-widget_type=\"text-editor.default\">\n\t\t\t\t<div class=\"elementor-widget-container\">\n\t\t\t\t\t\t\t\t\t<p style=\"text-align: center;\">Director<\/p>\t\t\t\t\t\t\t\t<\/div>\n\t\t\t\t<\/div>\n\t\t\t\t<div class=\"elementor-element elementor-element-45aaca6 elementor-widget elementor-widget-text-editor\" data-id=\"45aaca6\" data-element_type=\"widget\" data-widget_type=\"text-editor.default\">\n\t\t\t\t<div class=\"elementor-widget-container\">\n\t\t\t\t\t\t\t\t\t<p style=\"text-align: center;\"><a href=\"mailto:eduardo.parra@cisp.cl\">eduardo.parra@cisp.cl<\/a><\/p>\t\t\t\t\t\t\t\t<\/div>\n\t\t\t\t<\/div>\n\t\t\t\t<div class=\"elementor-element elementor-element-6e445400 elementor-widget elementor-widget-spacer\" data-id=\"6e445400\" data-element_type=\"widget\" data-widget_type=\"spacer.default\">\n\t\t\t\t<div class=\"elementor-widget-container\">\n\t\t\t\t\t\t\t<div class=\"elementor-spacer\">\n\t\t\t<div class=\"elementor-spacer-inner\"><\/div>\n\t\t<\/div>\n\t\t\t\t\t\t<\/div>\n\t\t\t\t<\/div>\n\t\t\t\t\t<\/div>\n\t\t<\/div>\n\t\t\t\t\t<\/div>\n\t\t<\/section>\n\t\t\t\t<section class=\"elementor-section elementor-top-section elementor-element elementor-element-101c39b9 elementor-section-full_width elementor-section-height-min-height elementor-section-content-space-evenly elementor-section-stretched elementor-section-height-default elementor-section-items-middle\" data-id=\"101c39b9\" data-element_type=\"section\" data-settings=\"{&quot;stretch_section&quot;:&quot;section-stretched&quot;,&quot;background_background&quot;:&quot;classic&quot;}\">\n\t\t\t\t\t\t<div class=\"elementor-container elementor-column-gap-no\">\n\t\t\t\t\t<div class=\"elementor-column elementor-col-100 elementor-top-column elementor-element elementor-element-6a33047d\" data-id=\"6a33047d\" data-element_type=\"column\">\n\t\t\t<div class=\"elementor-widget-wrap elementor-element-populated\">\n\t\t\t\t\t\t<div class=\"elementor-element elementor-element-69c493ff elementor-widget elementor-widget-widgetkit-for-elementor-animation-text\" data-id=\"69c493ff\" data-element_type=\"widget\" data-widget_type=\"widgetkit-for-elementor-animation-text.default\">\n\t\t\t\t<div class=\"elementor-widget-container\">\n\t\t\t\t\t    <div class=\"animation-text\">\n        <div class=\"text-slide\">\n            <h2 class=\"cd-headline rotate-1\">\n                  \n                    <span>Colegio Instituto San Pedro<\/span>\n                                <span class=\"cd-words-wrapper\">\n                                                                <b class=\"is-visible\">64 a\u00f1os de Historia<\/b>\n                                            <b class=\"\">Educando<\/b>\n                                            <b class=\"\">Creando Lideres<\/b>\n                                    <\/span>\n                             <\/h2> <!-- cd-headline -->\n        <\/div> <!-- text-slide -->\n    <\/div><!-- animation-text -->\n\n        <script type=\"text\/javascript\">\n            jQuery(function($){\n                if(!$('body').hasClass('wk-animation-headline')){\n                    $('body').addClass('wk-animation-headline');\n                }\n            });\n\n        <\/script>\t\t\t\t<\/div>\n\t\t\t\t<\/div>\n\t\t\t\t\t<\/div>\n\t\t<\/div>\n\t\t\t\t\t<\/div>\n\t\t<\/section>\n\t\t\t\t<section class=\"elementor-section elementor-top-section elementor-element elementor-element-53b4872e elementor-section-boxed elementor-section-height-default elementor-section-height-default\" data-id=\"53b4872e\" data-element_type=\"section\" data-settings=\"{&quot;background_background&quot;:&quot;classic&quot;}\">\n\t\t\t\t\t\t<div class=\"elementor-container elementor-column-gap-default\">\n\t\t\t\t\t<div class=\"elementor-column elementor-col-33 elementor-top-column elementor-element elementor-element-60f6ba\" data-id=\"60f6ba\" data-element_type=\"column\">\n\t\t\t<div class=\"elementor-widget-wrap elementor-element-populated\">\n\t\t\t\t\t\t<div class=\"elementor-element elementor-element-731543e0 elementor-position-top elementor-widget elementor-widget-image-box\" data-id=\"731543e0\" data-element_type=\"widget\" data-widget_type=\"image-box.default\">\n\t\t\t\t<div class=\"elementor-widget-container\">\n\t\t\t\t\t<div class=\"elementor-image-box-wrapper\"><figure class=\"elementor-image-box-img\"><a href=\"tel:412282998\" tabindex=\"-1\"><img decoding=\"async\" src=\"https:\/\/institutosanpedro.cl\/inicio\/wp-content\/uploads\/elementor\/thumbs\/call-blanco-rfpuiu080o4pjvxskhn3yhkesf53hng7woi5hf475o.png\" title=\"call-blanco\" alt=\"call-blanco\" loading=\"lazy\" \/><\/a><\/figure><div class=\"elementor-image-box-content\"><h3 class=\"elementor-image-box-title\"><a href=\"tel:412282998\">41-228 29 98<\/a><\/h3><\/div><\/div>\t\t\t\t<\/div>\n\t\t\t\t<\/div>\n\t\t\t\t\t<\/div>\n\t\t<\/div>\n\t\t\t\t<div class=\"elementor-column elementor-col-33 elementor-top-column elementor-element elementor-element-4b260831\" data-id=\"4b260831\" data-element_type=\"column\">\n\t\t\t<div class=\"elementor-widget-wrap elementor-element-populated\">\n\t\t\t\t\t\t<div class=\"elementor-element elementor-element-78a5f267 elementor-position-top elementor-widget elementor-widget-image-box\" data-id=\"78a5f267\" data-element_type=\"widget\" data-widget_type=\"image-box.default\">\n\t\t\t\t<div class=\"elementor-widget-container\">\n\t\t\t\t\t<div class=\"elementor-image-box-wrapper\"><figure class=\"elementor-image-box-img\"><img decoding=\"async\" src=\"https:\/\/institutosanpedro.cl\/inicio\/wp-content\/uploads\/elementor\/thumbs\/Logo-Blanco-rfpuiu080o4pjvxskhn3yhkesf53hng7woi5hf475o.png\" title=\"Logo-Blanco\" alt=\"Logo-Blanco\" loading=\"lazy\" \/><\/figure><div class=\"elementor-image-box-content\"><h3 class=\"elementor-image-box-title\">Colegio Instituto San Pedro<\/h3><\/div><\/div>\t\t\t\t<\/div>\n\t\t\t\t<\/div>\n\t\t\t\t\t<\/div>\n\t\t<\/div>\n\t\t\t\t<div class=\"elementor-column elementor-col-33 elementor-top-column elementor-element elementor-element-1e1ee3b8\" data-id=\"1e1ee3b8\" data-element_type=\"column\">\n\t\t\t<div class=\"elementor-widget-wrap elementor-element-populated\">\n\t\t\t\t\t\t<div class=\"elementor-element elementor-element-224a3253 elementor-position-top elementor-widget elementor-widget-image-box\" data-id=\"224a3253\" data-element_type=\"widget\" data-widget_type=\"image-box.default\">\n\t\t\t\t<div class=\"elementor-widget-container\">\n\t\t\t\t\t<div class=\"elementor-image-box-wrapper\"><figure class=\"elementor-image-box-img\"><a href=\"https:\/\/maps.app.goo.gl\/FeJFdP3QqZ7KRLgy7\" tabindex=\"-1\"><img decoding=\"async\" src=\"https:\/\/institutosanpedro.cl\/inicio\/wp-content\/uploads\/elementor\/thumbs\/here-blanco-rfpuiu080o4pjvxskhn3yhkesf53hng7woi5hf475o.png\" title=\"here-blanco\" alt=\"here-blanco\" loading=\"lazy\" \/><\/a><\/figure><div class=\"elementor-image-box-content\"><h3 class=\"elementor-image-box-title\"><a href=\"https:\/\/maps.app.goo.gl\/FeJFdP3QqZ7KRLgy7\">Las Violetas 1975, San Pedro de la Paz<\/a><\/h3><\/div><\/div>\t\t\t\t<\/div>\n\t\t\t\t<\/div>\n\t\t\t\t\t<\/div>\n\t\t<\/div>\n\t\t\t\t\t<\/div>\n\t\t<\/section>\n\t\t\t\t<\/div>\n\t\t","protected":false},"excerpt":{"rendered":"<p>La Direcci\u00f3n del Colegio Instituto San Pedro dirige y coordina la Unidad Educativa, de acuerdo a los principios de la Ley Constitucional de Educaci\u00f3n, reflejada en los objetivos de nuestro [&hellip;]<\/p>\n","protected":false},"author":2,"featured_media":0,"parent":0,"menu_order":0,"comment_status":"closed","ping_status":"closed","template":"elementor_header_footer","meta":{"footnotes":""},"class_list":["post-365","page","type-page","status-publish","hentry"],"_links":{"self":[{"href":"https:\/\/institutosanpedro.cl\/inicio\/wp-json\/wp\/v2\/pages\/365","targetHints":{"allow":["GET"]}}],"collection":[{"href":"https:\/\/institutosanpedro.cl\/inicio\/wp-json\/wp\/v2\/pages"}],"about":[{"href":"https:\/\/institutosanpedro.cl\/inicio\/wp-json\/wp\/v2\/types\/page"}],"author":[{"embeddable":true,"href":"https:\/\/institutosanpedro.cl\/inicio\/wp-json\/wp\/v2\/users\/2"}],"replies":[{"embeddable":true,"href":"https:\/\/institutosanpedro.cl\/inicio\/wp-json\/wp\/v2\/comments?post=365"}],"version-history":[{"count":40,"href":"https:\/\/institutosanpedro.cl\/inicio\/wp-json\/wp\/v2\/pages\/365\/revisions"}],"predecessor-version":[{"id":5035,"href":"https:\/\/institutosanpedro.cl\/inicio\/wp-json\/wp\/v2\/pages\/365\/revisions\/5035"}],"wp:attachment":[{"href":"https:\/\/institutosanpedro.cl\/inicio\/wp-json\/wp\/v2\/media?parent=365"}],"curies":[{"name":"wp","href":"https:\/\/api.w.org\/{rel}","templated":true}]}}