{"id":366,"date":"2024-02-19T15:29:13","date_gmt":"2024-02-19T15:29:13","guid":{"rendered":"https:\/\/institutosanpedro.cl\/inicio\/?page_id=366"},"modified":"2026-04-15T17:55:13","modified_gmt":"2026-04-15T17:55:13","slug":"equipo-directivo","status":"publish","type":"page","link":"https:\/\/institutosanpedro.cl\/inicio\/equipo-directivo\/","title":{"rendered":"Equipo Directivo"},"content":{"rendered":"\t\t<div data-elementor-type=\"wp-page\" data-elementor-id=\"366\" class=\"elementor elementor-366\" data-elementor-post-type=\"page\">\n\t\t\t\t<div class=\"elementor-element elementor-element-d32f198 e-con-full e-flex e-con e-parent\" data-id=\"d32f198\" data-element_type=\"container\" data-settings=\"{&quot;background_background&quot;:&quot;classic&quot;}\">\n\t\t\t\t<\/div>\n\t\t<div class=\"elementor-element elementor-element-62fe90f5 e-flex e-con-boxed e-con e-parent\" data-id=\"62fe90f5\" data-element_type=\"container\">\n\t\t\t\t\t<div class=\"e-con-inner\">\n\t\t\t\t<div class=\"elementor-element elementor-element-391bc7af elementor-widget elementor-widget-spacer\" data-id=\"391bc7af\" data-element_type=\"widget\" data-widget_type=\"spacer.default\">\n\t\t\t\t<div class=\"elementor-widget-container\">\n\t\t\t\t\t\t\t<div class=\"elementor-spacer\">\n\t\t\t<div class=\"elementor-spacer-inner\"><\/div>\n\t\t<\/div>\n\t\t\t\t\t\t<\/div>\n\t\t\t\t<\/div>\n\t\t\t\t\t<\/div>\n\t\t\t\t<\/div>\n\t\t<div class=\"elementor-element elementor-element-f3452e2 e-flex e-con-boxed e-con e-parent\" data-id=\"f3452e2\" data-element_type=\"container\">\n\t\t\t\t\t<div class=\"e-con-inner\">\n\t\t\t\t<div class=\"elementor-element elementor-element-001a0ce elementor-widget elementor-widget-text-editor\" data-id=\"001a0ce\" data-element_type=\"widget\" data-widget_type=\"text-editor.default\">\n\t\t\t\t<div class=\"elementor-widget-container\">\n\t\t\t\t\t\t\t\t\t<p>El equipo directivo, es un grupo de profesionales de la educaci\u00f3n con funciones directivas y\/o t\u00e9cnico pedag\u00f3gicas, presidido por el director del establecimiento. Colabora en la animaci\u00f3n de la Comunidad Educativa, de su funcionamiento general, su organizaci\u00f3n, orientaci\u00f3n, coordinaci\u00f3n, control y supervisi\u00f3n.\u00a0<\/p><p>La gesti\u00f3n curricular y pedag\u00f3gica es el foco esencial de su labor; es decir, procurar la formaci\u00f3n integral de los estudiantes, desde las competencias de las bases curriculares, con la perspectiva del Proyecto Educativo Institucional; evaluar los resultados\u00a0 y generar estrategias y acciones para el mejoramiento continuo, en funci\u00f3n de la calidad del servicio educativo y del aprendizaje de los estudiantes.\u00a0<\/p><p>Para lo cual, debe promover el desarrollo profesional docente; determinar una l\u00ednea pedag\u00f3gica; promover una convivencia arm\u00f3nica entre todos los integrantes de la Comunidad Educativa; cumplir y respetar todas las normas del establecimiento y hacerlas respetar.<\/p>\t\t\t\t\t\t\t\t<\/div>\n\t\t\t\t<\/div>\n\t\t\t\t\t<\/div>\n\t\t\t\t<\/div>\n\t\t<div class=\"elementor-element elementor-element-9a9f983 e-flex e-con-boxed e-con e-parent\" data-id=\"9a9f983\" data-element_type=\"container\">\n\t\t\t\t\t<div class=\"e-con-inner\">\n\t\t<div class=\"elementor-element elementor-element-0815d61 e-con-full e-flex e-con e-child\" data-id=\"0815d61\" data-element_type=\"container\">\n\t\t\t\t<\/div>\n\t\t<div class=\"elementor-element elementor-element-4686631 e-con-full e-flex e-con e-child\" data-id=\"4686631\" data-element_type=\"container\">\n\t\t\t\t<div class=\"elementor-element elementor-element-df0352b elementor-widget elementor-widget-image\" data-id=\"df0352b\" data-element_type=\"widget\" data-widget_type=\"image.default\">\n\t\t\t\t<div class=\"elementor-widget-container\">\n\t\t\t\t\t\t\t\t\t\t\t\t\t\t\t<img fetchpriority=\"high\" decoding=\"async\" width=\"960\" height=\"703\" src=\"https:\/\/institutosanpedro.cl\/inicio\/wp-content\/uploads\/2024\/03\/Eduardo-Parra-JPEG-1024x750.jpg\" class=\"attachment-large size-large wp-image-1034\" alt=\"\" srcset=\"https:\/\/institutosanpedro.cl\/inicio\/wp-content\/uploads\/2024\/03\/Eduardo-Parra-JPEG-1024x750.jpg 1024w, https:\/\/institutosanpedro.cl\/inicio\/wp-content\/uploads\/2024\/03\/Eduardo-Parra-JPEG-300x220.jpg 300w, https:\/\/institutosanpedro.cl\/inicio\/wp-content\/uploads\/2024\/03\/Eduardo-Parra-JPEG-768x562.jpg 768w, https:\/\/institutosanpedro.cl\/inicio\/wp-content\/uploads\/2024\/03\/Eduardo-Parra-JPEG.jpg 1124w\" sizes=\"(max-width: 960px) 100vw, 960px\" \/>\t\t\t\t\t\t\t\t\t\t\t\t\t\t\t<\/div>\n\t\t\t\t<\/div>\n\t\t\t\t<div class=\"elementor-element elementor-element-3d7d4f4 elementor-widget elementor-widget-heading\" data-id=\"3d7d4f4\" data-element_type=\"widget\" data-widget_type=\"heading.default\">\n\t\t\t\t<div class=\"elementor-widget-container\">\n\t\t\t\t\t<h2 class=\"elementor-heading-title elementor-size-default\">Eduardo Parra Zambrano<\/h2>\t\t\t\t<\/div>\n\t\t\t\t<\/div>\n\t\t\t\t<div class=\"elementor-element elementor-element-375277a elementor-widget elementor-widget-text-editor\" data-id=\"375277a\" data-element_type=\"widget\" data-widget_type=\"text-editor.default\">\n\t\t\t\t<div class=\"elementor-widget-container\">\n\t\t\t\t\t\t\t\t\t<p style=\"text-align: center;\">Director<\/p>\t\t\t\t\t\t\t\t<\/div>\n\t\t\t\t<\/div>\n\t\t\t\t<div class=\"elementor-element elementor-element-0f5de40 elementor-widget elementor-widget-text-editor\" data-id=\"0f5de40\" data-element_type=\"widget\" data-widget_type=\"text-editor.default\">\n\t\t\t\t<div class=\"elementor-widget-container\">\n\t\t\t\t\t\t\t\t\t<p style=\"text-align: center;\">eduardo.parra@cisp.cl<\/p>\t\t\t\t\t\t\t\t<\/div>\n\t\t\t\t<\/div>\n\t\t\t\t<\/div>\n\t\t<div class=\"elementor-element elementor-element-d6fd263 e-con-full e-flex e-con e-child\" data-id=\"d6fd263\" data-element_type=\"container\">\n\t\t\t\t<\/div>\n\t\t\t\t\t<\/div>\n\t\t\t\t<\/div>\n\t\t<div class=\"elementor-element elementor-element-5ca96ef e-flex e-con-boxed e-con e-parent\" data-id=\"5ca96ef\" data-element_type=\"container\">\n\t\t\t\t\t<div class=\"e-con-inner\">\n\t\t<div class=\"elementor-element elementor-element-87e73f7 e-con-full e-flex e-con e-child\" data-id=\"87e73f7\" data-element_type=\"container\">\n\t\t\t\t<div class=\"elementor-element elementor-element-c457d4a elementor-widget elementor-widget-image\" data-id=\"c457d4a\" data-element_type=\"widget\" data-widget_type=\"image.default\">\n\t\t\t\t<div class=\"elementor-widget-container\">\n\t\t\t\t\t\t\t\t\t\t\t\t\t\t\t<img decoding=\"async\" width=\"350\" height=\"233\" src=\"https:\/\/institutosanpedro.cl\/inicio\/wp-content\/uploads\/2024\/03\/Lorena.jpg\" class=\"attachment-large size-large wp-image-1069\" alt=\"\" srcset=\"https:\/\/institutosanpedro.cl\/inicio\/wp-content\/uploads\/2024\/03\/Lorena.jpg 350w, https:\/\/institutosanpedro.cl\/inicio\/wp-content\/uploads\/2024\/03\/Lorena-300x200.jpg 300w\" sizes=\"(max-width: 350px) 100vw, 350px\" \/>\t\t\t\t\t\t\t\t\t\t\t\t\t\t\t<\/div>\n\t\t\t\t<\/div>\n\t\t\t\t<div class=\"elementor-element elementor-element-5259442 elementor-widget elementor-widget-heading\" data-id=\"5259442\" data-element_type=\"widget\" data-widget_type=\"heading.default\">\n\t\t\t\t<div class=\"elementor-widget-container\">\n\t\t\t\t\t<h2 class=\"elementor-heading-title elementor-size-default\">Lorena Gonz\u00e1lez Mois\u00e1n<\/h2>\t\t\t\t<\/div>\n\t\t\t\t<\/div>\n\t\t\t\t<div class=\"elementor-element elementor-element-0f5b533 elementor-widget elementor-widget-text-editor\" data-id=\"0f5b533\" data-element_type=\"widget\" data-widget_type=\"text-editor.default\">\n\t\t\t\t<div class=\"elementor-widget-container\">\n\t\t\t\t\t\t\t\t\t<p style=\"text-align: center;\">Administradora<\/p>\t\t\t\t\t\t\t\t<\/div>\n\t\t\t\t<\/div>\n\t\t\t\t<div class=\"elementor-element elementor-element-8dd231a elementor-widget elementor-widget-text-editor\" data-id=\"8dd231a\" data-element_type=\"widget\" data-widget_type=\"text-editor.default\">\n\t\t\t\t<div class=\"elementor-widget-container\">\n\t\t\t\t\t\t\t\t\t<p style=\"text-align: center;\">lorena.gonzalez@cisp.cl<\/p>\t\t\t\t\t\t\t\t<\/div>\n\t\t\t\t<\/div>\n\t\t\t\t<\/div>\n\t\t<div class=\"elementor-element elementor-element-b5d8d86 e-con-full e-flex e-con e-child\" data-id=\"b5d8d86\" data-element_type=\"container\">\n\t\t\t\t<div class=\"elementor-element elementor-element-fbced57 elementor-widget elementor-widget-image\" data-id=\"fbced57\" data-element_type=\"widget\" data-widget_type=\"image.default\">\n\t\t\t\t<div class=\"elementor-widget-container\">\n\t\t\t\t\t\t\t\t\t\t\t\t\t\t\t<img decoding=\"async\" width=\"960\" height=\"639\" src=\"https:\/\/institutosanpedro.cl\/inicio\/wp-content\/uploads\/2024\/03\/Johanna-Ovalle-JPEG-1024x682.jpg\" class=\"attachment-large size-large wp-image-1039\" alt=\"\" srcset=\"https:\/\/institutosanpedro.cl\/inicio\/wp-content\/uploads\/2024\/03\/Johanna-Ovalle-JPEG-1024x682.jpg 1024w, https:\/\/institutosanpedro.cl\/inicio\/wp-content\/uploads\/2024\/03\/Johanna-Ovalle-JPEG-300x200.jpg 300w, https:\/\/institutosanpedro.cl\/inicio\/wp-content\/uploads\/2024\/03\/Johanna-Ovalle-JPEG-768x512.jpg 768w, https:\/\/institutosanpedro.cl\/inicio\/wp-content\/uploads\/2024\/03\/Johanna-Ovalle-JPEG.jpg 1124w\" sizes=\"(max-width: 960px) 100vw, 960px\" \/>\t\t\t\t\t\t\t\t\t\t\t\t\t\t\t<\/div>\n\t\t\t\t<\/div>\n\t\t\t\t<div class=\"elementor-element elementor-element-e576935 elementor-widget elementor-widget-heading\" data-id=\"e576935\" data-element_type=\"widget\" data-widget_type=\"heading.default\">\n\t\t\t\t<div class=\"elementor-widget-container\">\n\t\t\t\t\t<h2 class=\"elementor-heading-title elementor-size-default\">Johana Ovalle Retamal<\/h2>\t\t\t\t<\/div>\n\t\t\t\t<\/div>\n\t\t\t\t<div class=\"elementor-element elementor-element-f9599fc elementor-widget elementor-widget-text-editor\" data-id=\"f9599fc\" data-element_type=\"widget\" data-widget_type=\"text-editor.default\">\n\t\t\t\t<div class=\"elementor-widget-container\">\n\t\t\t\t\t\t\t\t\t<p style=\"text-align: center;\">Directora Acad\u00e9mica<\/p>\t\t\t\t\t\t\t\t<\/div>\n\t\t\t\t<\/div>\n\t\t\t\t<div class=\"elementor-element elementor-element-f6a0d3d elementor-widget elementor-widget-text-editor\" data-id=\"f6a0d3d\" data-element_type=\"widget\" data-widget_type=\"text-editor.default\">\n\t\t\t\t<div class=\"elementor-widget-container\">\n\t\t\t\t\t\t\t\t\t<p style=\"text-align: center;\">johana.ovalle@cisp.cl<\/p>\t\t\t\t\t\t\t\t<\/div>\n\t\t\t\t<\/div>\n\t\t\t\t<\/div>\n\t\t<div class=\"elementor-element elementor-element-58aa32c e-con-full e-flex e-con e-child\" data-id=\"58aa32c\" data-element_type=\"container\">\n\t\t\t\t<\/div>\n\t\t\t\t\t<\/div>\n\t\t\t\t<\/div>\n\t\t<div class=\"elementor-element elementor-element-f6fe01a e-flex e-con-boxed e-con e-parent\" data-id=\"f6fe01a\" data-element_type=\"container\">\n\t\t\t\t\t<div class=\"e-con-inner\">\n\t\t<div class=\"elementor-element elementor-element-5703e0b e-con-full e-flex e-con e-child\" data-id=\"5703e0b\" data-element_type=\"container\">\n\t\t\t\t<div class=\"elementor-element elementor-element-68348d9 elementor-widget elementor-widget-image\" data-id=\"68348d9\" data-element_type=\"widget\" data-widget_type=\"image.default\">\n\t\t\t\t<div class=\"elementor-widget-container\">\n\t\t\t\t\t\t\t\t\t\t\t\t\t\t\t<img loading=\"lazy\" decoding=\"async\" width=\"960\" height=\"640\" src=\"https:\/\/institutosanpedro.cl\/inicio\/wp-content\/uploads\/2024\/03\/Francisca-Ulloa-JPEG.jpg\" class=\"attachment-large size-large wp-image-1067\" alt=\"\" srcset=\"https:\/\/institutosanpedro.cl\/inicio\/wp-content\/uploads\/2024\/03\/Francisca-Ulloa-JPEG.jpg 1024w, https:\/\/institutosanpedro.cl\/inicio\/wp-content\/uploads\/2024\/03\/Francisca-Ulloa-JPEG-300x200.jpg 300w, https:\/\/institutosanpedro.cl\/inicio\/wp-content\/uploads\/2024\/03\/Francisca-Ulloa-JPEG-768x512.jpg 768w\" sizes=\"(max-width: 960px) 100vw, 960px\" \/>\t\t\t\t\t\t\t\t\t\t\t\t\t\t\t<\/div>\n\t\t\t\t<\/div>\n\t\t\t\t<div class=\"elementor-element elementor-element-76a58e9 elementor-widget elementor-widget-heading\" data-id=\"76a58e9\" data-element_type=\"widget\" data-widget_type=\"heading.default\">\n\t\t\t\t<div class=\"elementor-widget-container\">\n\t\t\t\t\t<h2 class=\"elementor-heading-title elementor-size-default\">Francisca Ulloa D\u00edaz<\/h2>\t\t\t\t<\/div>\n\t\t\t\t<\/div>\n\t\t\t\t<div class=\"elementor-element elementor-element-7863fac elementor-widget elementor-widget-text-editor\" data-id=\"7863fac\" data-element_type=\"widget\" data-widget_type=\"text-editor.default\">\n\t\t\t\t<div class=\"elementor-widget-container\">\n\t\t\t\t\t\t\t\t\t<p style=\"text-align: center;\">Encargada Convivencia Escolar<\/p>\t\t\t\t\t\t\t\t<\/div>\n\t\t\t\t<\/div>\n\t\t\t\t<div class=\"elementor-element elementor-element-1b820e2 elementor-widget elementor-widget-text-editor\" data-id=\"1b820e2\" data-element_type=\"widget\" data-widget_type=\"text-editor.default\">\n\t\t\t\t<div class=\"elementor-widget-container\">\n\t\t\t\t\t\t\t\t\t<p style=\"text-align: center;\">francisca.ulloa@cisp.cl<\/p>\t\t\t\t\t\t\t\t<\/div>\n\t\t\t\t<\/div>\n\t\t\t\t<\/div>\n\t\t<div class=\"elementor-element elementor-element-ecc9cb1 e-con-full e-flex e-con e-child\" data-id=\"ecc9cb1\" data-element_type=\"container\">\n\t\t\t\t<div class=\"elementor-element elementor-element-d6271e4 elementor-widget elementor-widget-image\" data-id=\"d6271e4\" data-element_type=\"widget\" data-widget_type=\"image.default\">\n\t\t\t\t<div class=\"elementor-widget-container\">\n\t\t\t\t\t\t\t\t\t\t\t\t\t\t\t<img loading=\"lazy\" decoding=\"async\" width=\"960\" height=\"639\" src=\"https:\/\/institutosanpedro.cl\/inicio\/wp-content\/uploads\/2024\/03\/Jacqueline-Palma-JPEG-1024x682.jpg\" class=\"attachment-large size-large wp-image-1041\" alt=\"\" srcset=\"https:\/\/institutosanpedro.cl\/inicio\/wp-content\/uploads\/2024\/03\/Jacqueline-Palma-JPEG-1024x682.jpg 1024w, https:\/\/institutosanpedro.cl\/inicio\/wp-content\/uploads\/2024\/03\/Jacqueline-Palma-JPEG-300x200.jpg 300w, https:\/\/institutosanpedro.cl\/inicio\/wp-content\/uploads\/2024\/03\/Jacqueline-Palma-JPEG-768x512.jpg 768w, https:\/\/institutosanpedro.cl\/inicio\/wp-content\/uploads\/2024\/03\/Jacqueline-Palma-JPEG.jpg 1124w\" sizes=\"(max-width: 960px) 100vw, 960px\" \/>\t\t\t\t\t\t\t\t\t\t\t\t\t\t\t<\/div>\n\t\t\t\t<\/div>\n\t\t\t\t<div class=\"elementor-element elementor-element-6e8a42a elementor-widget elementor-widget-heading\" data-id=\"6e8a42a\" data-element_type=\"widget\" data-widget_type=\"heading.default\">\n\t\t\t\t<div class=\"elementor-widget-container\">\n\t\t\t\t\t<h2 class=\"elementor-heading-title elementor-size-default\">Jacquelinne Palma Casanova<\/h2>\t\t\t\t<\/div>\n\t\t\t\t<\/div>\n\t\t\t\t<div class=\"elementor-element elementor-element-08ca8b6 elementor-widget elementor-widget-text-editor\" data-id=\"08ca8b6\" data-element_type=\"widget\" data-widget_type=\"text-editor.default\">\n\t\t\t\t<div class=\"elementor-widget-container\">\n\t\t\t\t\t\t\t\t\t<p style=\"text-align: center;\">Directora Ciclo Menor<\/p>\t\t\t\t\t\t\t\t<\/div>\n\t\t\t\t<\/div>\n\t\t\t\t<div class=\"elementor-element elementor-element-54fa506 elementor-widget elementor-widget-text-editor\" data-id=\"54fa506\" data-element_type=\"widget\" data-widget_type=\"text-editor.default\">\n\t\t\t\t<div class=\"elementor-widget-container\">\n\t\t\t\t\t\t\t\t\t<p style=\"text-align: center;\">jacquelinne.palma@cisp.cl<\/p>\t\t\t\t\t\t\t\t<\/div>\n\t\t\t\t<\/div>\n\t\t\t\t<\/div>\n\t\t<div class=\"elementor-element elementor-element-7aad72b e-con-full e-flex e-con e-child\" data-id=\"7aad72b\" data-element_type=\"container\">\n\t\t\t\t<div class=\"elementor-element elementor-element-d2ceb32 elementor-widget elementor-widget-image\" data-id=\"d2ceb32\" data-element_type=\"widget\" data-widget_type=\"image.default\">\n\t\t\t\t<div class=\"elementor-widget-container\">\n\t\t\t\t\t\t\t\t\t\t\t\t\t\t\t<img loading=\"lazy\" decoding=\"async\" width=\"960\" height=\"639\" src=\"https:\/\/institutosanpedro.cl\/inicio\/wp-content\/uploads\/2024\/03\/Evelynne-Valenzuela-JPEG-1024x682.jpg\" class=\"attachment-large size-large wp-image-1042\" alt=\"\" srcset=\"https:\/\/institutosanpedro.cl\/inicio\/wp-content\/uploads\/2024\/03\/Evelynne-Valenzuela-JPEG-1024x682.jpg 1024w, https:\/\/institutosanpedro.cl\/inicio\/wp-content\/uploads\/2024\/03\/Evelynne-Valenzuela-JPEG-300x200.jpg 300w, https:\/\/institutosanpedro.cl\/inicio\/wp-content\/uploads\/2024\/03\/Evelynne-Valenzuela-JPEG-768x512.jpg 768w, https:\/\/institutosanpedro.cl\/inicio\/wp-content\/uploads\/2024\/03\/Evelynne-Valenzuela-JPEG.jpg 1124w\" sizes=\"(max-width: 960px) 100vw, 960px\" \/>\t\t\t\t\t\t\t\t\t\t\t\t\t\t\t<\/div>\n\t\t\t\t<\/div>\n\t\t\t\t<div class=\"elementor-element elementor-element-4a3239c elementor-widget elementor-widget-heading\" data-id=\"4a3239c\" data-element_type=\"widget\" data-widget_type=\"heading.default\">\n\t\t\t\t<div class=\"elementor-widget-container\">\n\t\t\t\t\t<h2 class=\"elementor-heading-title elementor-size-default\">Evelynne Valenzuela Navarrete<\/h2>\t\t\t\t<\/div>\n\t\t\t\t<\/div>\n\t\t\t\t<div class=\"elementor-element elementor-element-6bd497e elementor-widget elementor-widget-text-editor\" data-id=\"6bd497e\" data-element_type=\"widget\" data-widget_type=\"text-editor.default\">\n\t\t\t\t<div class=\"elementor-widget-container\">\n\t\t\t\t\t\t\t\t\t<p style=\"text-align: center;\">Directora Ciclo Mayor<\/p>\t\t\t\t\t\t\t\t<\/div>\n\t\t\t\t<\/div>\n\t\t\t\t<div class=\"elementor-element elementor-element-cdc763d elementor-widget elementor-widget-text-editor\" data-id=\"cdc763d\" data-element_type=\"widget\" data-widget_type=\"text-editor.default\">\n\t\t\t\t<div class=\"elementor-widget-container\">\n\t\t\t\t\t\t\t\t\t<p style=\"text-align: center;\">evelynne.valenzuela@cisp.cl<\/p>\t\t\t\t\t\t\t\t<\/div>\n\t\t\t\t<\/div>\n\t\t\t\t<\/div>\n\t\t\t\t\t<\/div>\n\t\t\t\t<\/div>\n\t\t\t\t<section class=\"elementor-section elementor-top-section elementor-element elementor-element-7146f1f elementor-section-boxed elementor-section-height-default elementor-section-height-default\" data-id=\"7146f1f\" data-element_type=\"section\">\n\t\t\t\t\t\t<div class=\"elementor-container elementor-column-gap-default\">\n\t\t\t\t\t<div class=\"elementor-column elementor-col-100 elementor-top-column elementor-element elementor-element-7bccb0\" data-id=\"7bccb0\" data-element_type=\"column\">\n\t\t\t<div class=\"elementor-widget-wrap elementor-element-populated\">\n\t\t\t\t\t\t<div class=\"elementor-element elementor-element-30de9eb elementor-widget elementor-widget-spacer\" data-id=\"30de9eb\" data-element_type=\"widget\" data-widget_type=\"spacer.default\">\n\t\t\t\t<div class=\"elementor-widget-container\">\n\t\t\t\t\t\t\t<div class=\"elementor-spacer\">\n\t\t\t<div class=\"elementor-spacer-inner\"><\/div>\n\t\t<\/div>\n\t\t\t\t\t\t<\/div>\n\t\t\t\t<\/div>\n\t\t\t\t\t<\/div>\n\t\t<\/div>\n\t\t\t\t\t<\/div>\n\t\t<\/section>\n\t\t\t\t<section class=\"elementor-section elementor-top-section elementor-element elementor-element-3ea714a9 elementor-section-full_width elementor-section-height-min-height elementor-section-content-space-evenly elementor-section-stretched elementor-section-height-default elementor-section-items-middle\" data-id=\"3ea714a9\" data-element_type=\"section\" data-settings=\"{&quot;stretch_section&quot;:&quot;section-stretched&quot;,&quot;background_background&quot;:&quot;classic&quot;}\">\n\t\t\t\t\t\t<div class=\"elementor-container elementor-column-gap-no\">\n\t\t\t\t\t<div class=\"elementor-column elementor-col-100 elementor-top-column elementor-element elementor-element-5f69387f\" data-id=\"5f69387f\" data-element_type=\"column\">\n\t\t\t<div class=\"elementor-widget-wrap elementor-element-populated\">\n\t\t\t\t\t\t<div class=\"elementor-element elementor-element-7b7111f0 elementor-widget elementor-widget-widgetkit-for-elementor-animation-text\" data-id=\"7b7111f0\" data-element_type=\"widget\" data-widget_type=\"widgetkit-for-elementor-animation-text.default\">\n\t\t\t\t<div class=\"elementor-widget-container\">\n\t\t\t\t\t    <div class=\"animation-text\">\n        <div class=\"text-slide\">\n            <h2 class=\"cd-headline rotate-1\">\n                  \n                    <span>Colegio Instituto San Pedro<\/span>\n                                <span class=\"cd-words-wrapper\">\n                                                                <b class=\"is-visible\">64 a\u00f1os de Historia<\/b>\n                                            <b class=\"\">Educando<\/b>\n                                            <b class=\"\">Creando Lideres<\/b>\n                                    <\/span>\n                             <\/h2> <!-- cd-headline -->\n        <\/div> <!-- text-slide -->\n    <\/div><!-- animation-text -->\n\n        <script type=\"text\/javascript\">\n            jQuery(function($){\n                if(!$('body').hasClass('wk-animation-headline')){\n                    $('body').addClass('wk-animation-headline');\n                }\n            });\n\n        <\/script>\t\t\t\t<\/div>\n\t\t\t\t<\/div>\n\t\t\t\t\t<\/div>\n\t\t<\/div>\n\t\t\t\t\t<\/div>\n\t\t<\/section>\n\t\t\t\t<section class=\"elementor-section elementor-top-section elementor-element elementor-element-36481a6a elementor-section-boxed elementor-section-height-default elementor-section-height-default\" data-id=\"36481a6a\" data-element_type=\"section\" data-settings=\"{&quot;background_background&quot;:&quot;classic&quot;}\">\n\t\t\t\t\t\t<div class=\"elementor-container elementor-column-gap-default\">\n\t\t\t\t\t<div class=\"elementor-column elementor-col-33 elementor-top-column elementor-element elementor-element-1995d17f\" data-id=\"1995d17f\" data-element_type=\"column\">\n\t\t\t<div class=\"elementor-widget-wrap elementor-element-populated\">\n\t\t\t\t\t\t<div class=\"elementor-element elementor-element-1bf89067 elementor-position-top elementor-widget elementor-widget-image-box\" data-id=\"1bf89067\" data-element_type=\"widget\" data-widget_type=\"image-box.default\">\n\t\t\t\t<div class=\"elementor-widget-container\">\n\t\t\t\t\t<div class=\"elementor-image-box-wrapper\"><figure class=\"elementor-image-box-img\"><a href=\"tel:412282998\" tabindex=\"-1\"><img decoding=\"async\" src=\"https:\/\/institutosanpedro.cl\/inicio\/wp-content\/uploads\/elementor\/thumbs\/call-blanco-rfpuiu080o4pjvxskhn3yhkesf53hng7woi5hf475o.png\" title=\"call-blanco\" alt=\"call-blanco\" loading=\"lazy\" \/><\/a><\/figure><div class=\"elementor-image-box-content\"><h3 class=\"elementor-image-box-title\"><a href=\"tel:412282998\">41-228 29 98<\/a><\/h3><\/div><\/div>\t\t\t\t<\/div>\n\t\t\t\t<\/div>\n\t\t\t\t\t<\/div>\n\t\t<\/div>\n\t\t\t\t<div class=\"elementor-column elementor-col-33 elementor-top-column elementor-element elementor-element-4e23de9b\" data-id=\"4e23de9b\" data-element_type=\"column\">\n\t\t\t<div class=\"elementor-widget-wrap elementor-element-populated\">\n\t\t\t\t\t\t<div class=\"elementor-element elementor-element-3acab0a1 elementor-position-top elementor-widget elementor-widget-image-box\" data-id=\"3acab0a1\" data-element_type=\"widget\" data-widget_type=\"image-box.default\">\n\t\t\t\t<div class=\"elementor-widget-container\">\n\t\t\t\t\t<div class=\"elementor-image-box-wrapper\"><figure class=\"elementor-image-box-img\"><img decoding=\"async\" src=\"https:\/\/institutosanpedro.cl\/inicio\/wp-content\/uploads\/elementor\/thumbs\/Logo-Blanco-rfpuiu080o4pjvxskhn3yhkesf53hng7woi5hf475o.png\" title=\"Logo-Blanco\" alt=\"Logo-Blanco\" loading=\"lazy\" \/><\/figure><div class=\"elementor-image-box-content\"><h3 class=\"elementor-image-box-title\">Colegio Instituto San Pedro<\/h3><\/div><\/div>\t\t\t\t<\/div>\n\t\t\t\t<\/div>\n\t\t\t\t\t<\/div>\n\t\t<\/div>\n\t\t\t\t<div class=\"elementor-column elementor-col-33 elementor-top-column elementor-element elementor-element-43eb8755\" data-id=\"43eb8755\" data-element_type=\"column\">\n\t\t\t<div class=\"elementor-widget-wrap elementor-element-populated\">\n\t\t\t\t\t\t<div class=\"elementor-element elementor-element-5892c89e elementor-position-top elementor-widget elementor-widget-image-box\" data-id=\"5892c89e\" data-element_type=\"widget\" data-widget_type=\"image-box.default\">\n\t\t\t\t<div class=\"elementor-widget-container\">\n\t\t\t\t\t<div class=\"elementor-image-box-wrapper\"><figure class=\"elementor-image-box-img\"><a href=\"https:\/\/maps.app.goo.gl\/FeJFdP3QqZ7KRLgy7\" tabindex=\"-1\"><img decoding=\"async\" src=\"https:\/\/institutosanpedro.cl\/inicio\/wp-content\/uploads\/elementor\/thumbs\/here-blanco-rfpuiu080o4pjvxskhn3yhkesf53hng7woi5hf475o.png\" title=\"here-blanco\" alt=\"here-blanco\" loading=\"lazy\" \/><\/a><\/figure><div class=\"elementor-image-box-content\"><h3 class=\"elementor-image-box-title\"><a href=\"https:\/\/maps.app.goo.gl\/FeJFdP3QqZ7KRLgy7\">Las Violetas 1975, San Pedro de la Paz<\/a><\/h3><\/div><\/div>\t\t\t\t<\/div>\n\t\t\t\t<\/div>\n\t\t\t\t\t<\/div>\n\t\t<\/div>\n\t\t\t\t\t<\/div>\n\t\t<\/section>\n\t\t\t\t<\/div>\n\t\t","protected":false},"excerpt":{"rendered":"<p>El equipo directivo, es un grupo de profesionales de la educaci\u00f3n con funciones directivas y\/o t\u00e9cnico pedag\u00f3gicas, presidido por el director del establecimiento. Colabora en la animaci\u00f3n de la Comunidad [&hellip;]<\/p>\n","protected":false},"author":2,"featured_media":0,"parent":0,"menu_order":0,"comment_status":"closed","ping_status":"closed","template":"elementor_header_footer","meta":{"footnotes":""},"class_list":["post-366","page","type-page","status-publish","hentry"],"_links":{"self":[{"href":"https:\/\/institutosanpedro.cl\/inicio\/wp-json\/wp\/v2\/pages\/366","targetHints":{"allow":["GET"]}}],"collection":[{"href":"https:\/\/institutosanpedro.cl\/inicio\/wp-json\/wp\/v2\/pages"}],"about":[{"href":"https:\/\/institutosanpedro.cl\/inicio\/wp-json\/wp\/v2\/types\/page"}],"author":[{"embeddable":true,"href":"https:\/\/institutosanpedro.cl\/inicio\/wp-json\/wp\/v2\/users\/2"}],"replies":[{"embeddable":true,"href":"https:\/\/institutosanpedro.cl\/inicio\/wp-json\/wp\/v2\/comments?post=366"}],"version-history":[{"count":58,"href":"https:\/\/institutosanpedro.cl\/inicio\/wp-json\/wp\/v2\/pages\/366\/revisions"}],"predecessor-version":[{"id":5038,"href":"https:\/\/institutosanpedro.cl\/inicio\/wp-json\/wp\/v2\/pages\/366\/revisions\/5038"}],"wp:attachment":[{"href":"https:\/\/institutosanpedro.cl\/inicio\/wp-json\/wp\/v2\/media?parent=366"}],"curies":[{"name":"wp","href":"https:\/\/api.w.org\/{rel}","templated":true}]}}